{"id":983,"date":"2023-11-07T07:44:55","date_gmt":"2023-11-07T07:44:55","guid":{"rendered":"https:\/\/johanns.be\/?page_id=983"},"modified":"2026-04-15T09:25:29","modified_gmt":"2026-04-15T09:25:29","slug":"assurances","status":"publish","type":"page","link":"https:\/\/trialis.be\/fr\/assurances\/","title":{"rendered":"Assurances"},"content":{"rendered":"\t\t<div data-elementor-type=\"wp-page\" data-elementor-id=\"983\" class=\"elementor elementor-983 elementor-10\">\n\t\t\t\t<div class=\"elementor-element elementor-element-588bbf4 elementor-hidden-mobile e-flex e-con-boxed e-con e-parent\" data-id=\"588bbf4\" data-element_type=\"container\">\n\t\t\t\t\t<div class=\"e-con-inner\">\n\t\t\t\t<div class=\"elementor-element elementor-element-303feab elementor-pagination-position-inside elementor-arrows-position-inside elementor-widget elementor-widget-image-carousel\" data-id=\"303feab\" data-element_type=\"widget\" data-settings=\"{&quot;slides_to_show&quot;:&quot;1&quot;,&quot;navigation&quot;:&quot;both&quot;,&quot;autoplay&quot;:&quot;yes&quot;,&quot;pause_on_hover&quot;:&quot;yes&quot;,&quot;pause_on_interaction&quot;:&quot;yes&quot;,&quot;autoplay_speed&quot;:5000,&quot;infinite&quot;:&quot;yes&quot;,&quot;effect&quot;:&quot;slide&quot;,&quot;speed&quot;:500}\" data-widget_type=\"image-carousel.default\">\n\t\t\t\t<div class=\"elementor-widget-container\">\n\t\t\t\t\t<div class=\"elementor-image-carousel-wrapper swiper\" dir=\"ltr\">\n\t\t\t<div class=\"elementor-image-carousel swiper-wrapper swiper-image-stretch\" aria-live=\"off\">\n\t\t\t\t\t\t\t\t<div class=\"swiper-slide\" role=\"group\" aria-roledescription=\"slide\" aria-label=\"1 sur 1\"><figure class=\"swiper-slide-inner\"><img decoding=\"async\" class=\"swiper-slide-image\" src=\"https:\/\/trialis.be\/wp-content\/uploads\/2023\/11\/Trialis-slider-partner.jpg\" alt=\"Starker Partner\" \/><\/figure><\/div>\t\t\t<\/div>\n\t\t\t\t\t<\/div>\n\t\t\t\t<\/div>\n\t\t\t\t<\/div>\n\t\t\t\t<div class=\"elementor-element elementor-element-623c93e elementor-widget elementor-widget-spacer\" data-id=\"623c93e\" data-element_type=\"widget\" data-widget_type=\"spacer.default\">\n\t\t\t\t<div class=\"elementor-widget-container\">\n\t\t\t\t\t<div class=\"elementor-spacer\">\n\t\t\t<div class=\"elementor-spacer-inner\"><\/div>\n\t\t<\/div>\n\t\t\t\t<\/div>\n\t\t\t\t<\/div>\n\t\t\t\t\t<\/div>\n\t\t\t\t<\/div>\n\t\t<div class=\"elementor-element elementor-element-2817555 elementor-hidden-mobile e-flex e-con-boxed e-con e-parent\" data-id=\"2817555\" data-element_type=\"container\">\n\t\t\t\t\t<div class=\"e-con-inner\">\n\t\t<div class=\"elementor-element elementor-element-4f59683 e-con-full e-flex e-con e-child\" data-id=\"4f59683\" data-element_type=\"container\">\n\t\t\t\t<div class=\"elementor-element elementor-element-be6c95a elementor-widget elementor-widget-raven-image\" data-id=\"be6c95a\" data-element_type=\"widget\" data-widget_type=\"raven-image.default\">\n\t\t\t\t<div class=\"elementor-widget-container\">\n\t\t\t\t\t<div class=\"raven-image raven-switch-image\">\n\t\t\n\t\t\t\t\t\t<a href=\"https:\/\/trialis.be\/fr\/changement-vers-trialis\/\" class=\"elementor-clickable\" data-elementor-open-lightbox=\"\">\n\t\t\n\t\t<img fetchpriority=\"high\" decoding=\"async\" width=\"440\" height=\"460\" src=\"https:\/\/trialis.be\/wp-content\/uploads\/2023\/11\/trialis-box-changement-hover.jpg\" class=\"attachment-full size-full wp-image-990\" alt=\"\" srcset=\"https:\/\/trialis.be\/wp-content\/uploads\/2023\/11\/trialis-box-changement-hover.jpg 440w, https:\/\/trialis.be\/wp-content\/uploads\/2023\/11\/trialis-box-changement-hover-287x300.jpg 287w\" sizes=\"(max-width: 440px) 100vw, 440px\" \/><img decoding=\"async\" width=\"440\" height=\"460\" src=\"https:\/\/trialis.be\/wp-content\/uploads\/2023\/11\/trialis-box-changement.jpg\" class=\"attachment-full size-full wp-image-988\" alt=\"\" srcset=\"https:\/\/trialis.be\/wp-content\/uploads\/2023\/11\/trialis-box-changement.jpg 440w, https:\/\/trialis.be\/wp-content\/uploads\/2023\/11\/trialis-box-changement-287x300.jpg 287w\" sizes=\"(max-width: 440px) 100vw, 440px\" \/>\t\t\t<\/a>\n\t\t\t\t\t<\/div>\n\t\t\t\t<\/div>\n\t\t\t\t<\/div>\n\t\t\t\t<\/div>\n\t\t<div class=\"elementor-element elementor-element-389fc60 e-con-full e-flex e-con e-child\" data-id=\"389fc60\" data-element_type=\"container\">\n\t\t\t\t<div class=\"elementor-element elementor-element-80e0b10 elementor-widget elementor-widget-raven-image\" data-id=\"80e0b10\" data-element_type=\"widget\" data-widget_type=\"raven-image.default\">\n\t\t\t\t<div class=\"elementor-widget-container\">\n\t\t\t\t\t<div class=\"raven-image raven-switch-image\">\n\t\t\n\t\t\t\t\t\t<a href=\"https:\/\/trialis.be\/fr\/tarification-auto\/\" class=\"elementor-clickable\" data-elementor-open-lightbox=\"\">\n\t\t\n\t\t<img decoding=\"async\" width=\"440\" height=\"460\" src=\"https:\/\/trialis.be\/wp-content\/uploads\/2023\/11\/trialis-box-tarification-hover.jpg\" class=\"attachment-full size-full wp-image-994\" alt=\"\" srcset=\"https:\/\/trialis.be\/wp-content\/uploads\/2023\/11\/trialis-box-tarification-hover.jpg 440w, https:\/\/trialis.be\/wp-content\/uploads\/2023\/11\/trialis-box-tarification-hover-287x300.jpg 287w\" sizes=\"(max-width: 440px) 100vw, 440px\" \/><img loading=\"lazy\" decoding=\"async\" width=\"440\" height=\"460\" src=\"https:\/\/trialis.be\/wp-content\/uploads\/2023\/11\/trialis-box-tarification.jpg\" class=\"attachment-full size-full wp-image-992\" alt=\"\" srcset=\"https:\/\/trialis.be\/wp-content\/uploads\/2023\/11\/trialis-box-tarification.jpg 440w, https:\/\/trialis.be\/wp-content\/uploads\/2023\/11\/trialis-box-tarification-287x300.jpg 287w\" sizes=\"(max-width: 440px) 100vw, 440px\" \/>\t\t\t<\/a>\n\t\t\t\t\t<\/div>\n\t\t\t\t<\/div>\n\t\t\t\t<\/div>\n\t\t\t\t<\/div>\n\t\t<div class=\"elementor-element elementor-element-5b605e5 e-con-full e-flex e-con e-child\" data-id=\"5b605e5\" data-element_type=\"container\">\n\t\t\t\t<div class=\"elementor-element elementor-element-780fc64 elementor-widget elementor-widget-raven-image\" data-id=\"780fc64\" data-element_type=\"widget\" data-widget_type=\"raven-image.default\">\n\t\t\t\t<div class=\"elementor-widget-container\">\n\t\t\t\t\t<div class=\"raven-image raven-switch-image\">\n\t\t\n\t\t\t\t\t\t<a href=\"https:\/\/trialis.be\/fr\/service-sinistre\/\" class=\"elementor-clickable\" data-elementor-open-lightbox=\"\">\n\t\t\n\t\t<img loading=\"lazy\" decoding=\"async\" width=\"440\" height=\"460\" src=\"https:\/\/trialis.be\/wp-content\/uploads\/2023\/11\/trialis-box-service-hover.jpg\" class=\"attachment-full size-full wp-image-998\" alt=\"\" srcset=\"https:\/\/trialis.be\/wp-content\/uploads\/2023\/11\/trialis-box-service-hover.jpg 440w, https:\/\/trialis.be\/wp-content\/uploads\/2023\/11\/trialis-box-service-hover-287x300.jpg 287w\" sizes=\"(max-width: 440px) 100vw, 440px\" \/><img loading=\"lazy\" decoding=\"async\" width=\"440\" height=\"460\" src=\"https:\/\/trialis.be\/wp-content\/uploads\/2023\/11\/trialis-box-service.jpg\" class=\"attachment-full size-full wp-image-996\" alt=\"\" srcset=\"https:\/\/trialis.be\/wp-content\/uploads\/2023\/11\/trialis-box-service.jpg 440w, https:\/\/trialis.be\/wp-content\/uploads\/2023\/11\/trialis-box-service-287x300.jpg 287w\" sizes=\"(max-width: 440px) 100vw, 440px\" \/>\t\t\t<\/a>\n\t\t\t\t\t<\/div>\n\t\t\t\t<\/div>\n\t\t\t\t<\/div>\n\t\t\t\t<\/div>\n\t\t<div class=\"elementor-element elementor-element-c8218f4 e-con-full e-flex e-con e-child\" data-id=\"c8218f4\" data-element_type=\"container\">\n\t\t\t\t<div class=\"elementor-element elementor-element-7cbd28d elementor-widget elementor-widget-raven-image\" data-id=\"7cbd28d\" data-element_type=\"widget\" data-widget_type=\"raven-image.default\">\n\t\t\t\t<div class=\"elementor-widget-container\">\n\t\t\t\t\t<div class=\"raven-image raven-switch-image\">\n\t\t\n\t\t\t\t\t\t<a href=\"https:\/\/trialis.be\/fr\/partenaires-dassurance\/\" class=\"elementor-clickable\" data-elementor-open-lightbox=\"\">\n\t\t\n\t\t<img loading=\"lazy\" decoding=\"async\" width=\"440\" height=\"460\" src=\"https:\/\/trialis.be\/wp-content\/uploads\/2023\/11\/trialis-box-partenaires-hover.jpg\" class=\"attachment-full size-full wp-image-1002\" alt=\"\" srcset=\"https:\/\/trialis.be\/wp-content\/uploads\/2023\/11\/trialis-box-partenaires-hover.jpg 440w, https:\/\/trialis.be\/wp-content\/uploads\/2023\/11\/trialis-box-partenaires-hover-287x300.jpg 287w\" sizes=\"(max-width: 440px) 100vw, 440px\" \/><img loading=\"lazy\" decoding=\"async\" width=\"440\" height=\"460\" src=\"https:\/\/trialis.be\/wp-content\/uploads\/2023\/11\/trialis-box-partenaires.jpg\" class=\"attachment-full size-full wp-image-1000\" alt=\"\" srcset=\"https:\/\/trialis.be\/wp-content\/uploads\/2023\/11\/trialis-box-partenaires.jpg 440w, https:\/\/trialis.be\/wp-content\/uploads\/2023\/11\/trialis-box-partenaires-287x300.jpg 287w\" sizes=\"(max-width: 440px) 100vw, 440px\" \/>\t\t\t<\/a>\n\t\t\t\t\t<\/div>\n\t\t\t\t<\/div>\n\t\t\t\t<\/div>\n\t\t\t\t<\/div>\n\t\t\t\t\t<\/div>\n\t\t\t\t<\/div>\n\t\t<div class=\"elementor-element elementor-element-10ba9cd4 elementor-hidden-desktop elementor-hidden-tablet e-flex e-con-boxed e-con e-parent\" data-id=\"10ba9cd4\" data-element_type=\"container\">\n\t\t\t\t\t<div class=\"e-con-inner\">\n\t\t<div class=\"elementor-element elementor-element-7934099 e-con-full e-flex e-con e-child\" data-id=\"7934099\" data-element_type=\"container\">\n\t\t\t\t<div class=\"elementor-element elementor-element-5e7a830e elementor-widget elementor-widget-raven-image\" data-id=\"5e7a830e\" data-element_type=\"widget\" data-widget_type=\"raven-image.default\">\n\t\t\t\t<div class=\"elementor-widget-container\">\n\t\t\t\t\t<div class=\"raven-image raven-switch-image\">\n\t\t\n\t\t\t\t\t\t<a href=\"https:\/\/trialis.be\/fr\/changement-vers-trialis\/\" class=\"elementor-clickable\" data-elementor-open-lightbox=\"\">\n\t\t\n\t\t<img fetchpriority=\"high\" decoding=\"async\" width=\"440\" height=\"460\" src=\"https:\/\/trialis.be\/wp-content\/uploads\/2023\/11\/trialis-box-changement-hover.jpg\" class=\"attachment-full size-full wp-image-990\" alt=\"\" srcset=\"https:\/\/trialis.be\/wp-content\/uploads\/2023\/11\/trialis-box-changement-hover.jpg 440w, https:\/\/trialis.be\/wp-content\/uploads\/2023\/11\/trialis-box-changement-hover-287x300.jpg 287w\" sizes=\"(max-width: 440px) 100vw, 440px\" \/><img decoding=\"async\" width=\"440\" height=\"460\" src=\"https:\/\/trialis.be\/wp-content\/uploads\/2023\/11\/trialis-box-changement.jpg\" class=\"attachment-full size-full wp-image-988\" alt=\"\" srcset=\"https:\/\/trialis.be\/wp-content\/uploads\/2023\/11\/trialis-box-changement.jpg 440w, https:\/\/trialis.be\/wp-content\/uploads\/2023\/11\/trialis-box-changement-287x300.jpg 287w\" sizes=\"(max-width: 440px) 100vw, 440px\" \/>\t\t\t<\/a>\n\t\t\t\t\t<\/div>\n\t\t\t\t<\/div>\n\t\t\t\t<\/div>\n\t\t\t\t<\/div>\n\t\t<div class=\"elementor-element elementor-element-751d83bc e-con-full e-flex e-con e-child\" data-id=\"751d83bc\" data-element_type=\"container\">\n\t\t\t\t<div class=\"elementor-element elementor-element-51ec7e61 elementor-widget elementor-widget-raven-image\" data-id=\"51ec7e61\" data-element_type=\"widget\" data-widget_type=\"raven-image.default\">\n\t\t\t\t<div class=\"elementor-widget-container\">\n\t\t\t\t\t<div class=\"raven-image raven-switch-image\">\n\t\t\n\t\t\t\t\t\t<a href=\"https:\/\/trialis.be\/fr\/tarification-auto\/\" class=\"elementor-clickable\" data-elementor-open-lightbox=\"\">\n\t\t\n\t\t<img decoding=\"async\" width=\"440\" height=\"460\" src=\"https:\/\/trialis.be\/wp-content\/uploads\/2023\/11\/trialis-box-tarification-hover.jpg\" class=\"attachment-full size-full wp-image-994\" alt=\"\" srcset=\"https:\/\/trialis.be\/wp-content\/uploads\/2023\/11\/trialis-box-tarification-hover.jpg 440w, https:\/\/trialis.be\/wp-content\/uploads\/2023\/11\/trialis-box-tarification-hover-287x300.jpg 287w\" sizes=\"(max-width: 440px) 100vw, 440px\" \/><img loading=\"lazy\" decoding=\"async\" width=\"440\" height=\"460\" src=\"https:\/\/trialis.be\/wp-content\/uploads\/2023\/11\/trialis-box-tarification.jpg\" class=\"attachment-full size-full wp-image-992\" alt=\"\" srcset=\"https:\/\/trialis.be\/wp-content\/uploads\/2023\/11\/trialis-box-tarification.jpg 440w, https:\/\/trialis.be\/wp-content\/uploads\/2023\/11\/trialis-box-tarification-287x300.jpg 287w\" sizes=\"(max-width: 440px) 100vw, 440px\" \/>\t\t\t<\/a>\n\t\t\t\t\t<\/div>\n\t\t\t\t<\/div>\n\t\t\t\t<\/div>\n\t\t\t\t<\/div>\n\t\t\t\t\t<\/div>\n\t\t\t\t<\/div>\n\t\t<div class=\"elementor-element elementor-element-62a30fb9 elementor-hidden-desktop elementor-hidden-tablet e-flex e-con-boxed e-con e-parent\" data-id=\"62a30fb9\" data-element_type=\"container\">\n\t\t\t\t\t<div class=\"e-con-inner\">\n\t\t<div class=\"elementor-element elementor-element-6b053d2e e-con-full e-flex e-con e-child\" data-id=\"6b053d2e\" data-element_type=\"container\">\n\t\t\t\t<div class=\"elementor-element elementor-element-53e5d56c elementor-widget elementor-widget-raven-image\" data-id=\"53e5d56c\" data-element_type=\"widget\" data-widget_type=\"raven-image.default\">\n\t\t\t\t<div class=\"elementor-widget-container\">\n\t\t\t\t\t<div class=\"raven-image raven-switch-image\">\n\t\t\n\t\t\t\t\t\t<a href=\"https:\/\/trialis.be\/fr\/service-sinistre\/\" class=\"elementor-clickable\" data-elementor-open-lightbox=\"\">\n\t\t\n\t\t<img loading=\"lazy\" decoding=\"async\" width=\"440\" height=\"460\" src=\"https:\/\/trialis.be\/wp-content\/uploads\/2023\/11\/trialis-box-service-hover.jpg\" class=\"attachment-full size-full wp-image-998\" alt=\"\" srcset=\"https:\/\/trialis.be\/wp-content\/uploads\/2023\/11\/trialis-box-service-hover.jpg 440w, https:\/\/trialis.be\/wp-content\/uploads\/2023\/11\/trialis-box-service-hover-287x300.jpg 287w\" sizes=\"(max-width: 440px) 100vw, 440px\" \/><img loading=\"lazy\" decoding=\"async\" width=\"440\" height=\"460\" src=\"https:\/\/trialis.be\/wp-content\/uploads\/2023\/11\/trialis-box-service.jpg\" class=\"attachment-full size-full wp-image-996\" alt=\"\" srcset=\"https:\/\/trialis.be\/wp-content\/uploads\/2023\/11\/trialis-box-service.jpg 440w, https:\/\/trialis.be\/wp-content\/uploads\/2023\/11\/trialis-box-service-287x300.jpg 287w\" sizes=\"(max-width: 440px) 100vw, 440px\" \/>\t\t\t<\/a>\n\t\t\t\t\t<\/div>\n\t\t\t\t<\/div>\n\t\t\t\t<\/div>\n\t\t\t\t<\/div>\n\t\t<div class=\"elementor-element elementor-element-4f776e51 e-con-full e-flex e-con e-child\" data-id=\"4f776e51\" data-element_type=\"container\">\n\t\t\t\t<div class=\"elementor-element elementor-element-23c34d0f elementor-widget elementor-widget-raven-image\" data-id=\"23c34d0f\" data-element_type=\"widget\" data-widget_type=\"raven-image.default\">\n\t\t\t\t<div class=\"elementor-widget-container\">\n\t\t\t\t\t<div class=\"raven-image raven-switch-image\">\n\t\t\n\t\t\t\t\t\t<a href=\"https:\/\/trialis.be\/fr\/partenaires-dassurance\/\" class=\"elementor-clickable\" data-elementor-open-lightbox=\"\">\n\t\t\n\t\t<img loading=\"lazy\" decoding=\"async\" width=\"440\" height=\"460\" src=\"https:\/\/trialis.be\/wp-content\/uploads\/2023\/11\/trialis-box-partenaires-hover.jpg\" class=\"attachment-full size-full wp-image-1002\" alt=\"\" srcset=\"https:\/\/trialis.be\/wp-content\/uploads\/2023\/11\/trialis-box-partenaires-hover.jpg 440w, https:\/\/trialis.be\/wp-content\/uploads\/2023\/11\/trialis-box-partenaires-hover-287x300.jpg 287w\" sizes=\"(max-width: 440px) 100vw, 440px\" \/><img loading=\"lazy\" decoding=\"async\" width=\"440\" height=\"460\" src=\"https:\/\/trialis.be\/wp-content\/uploads\/2023\/11\/trialis-box-partenaires.jpg\" class=\"attachment-full size-full wp-image-1000\" alt=\"\" srcset=\"https:\/\/trialis.be\/wp-content\/uploads\/2023\/11\/trialis-box-partenaires.jpg 440w, https:\/\/trialis.be\/wp-content\/uploads\/2023\/11\/trialis-box-partenaires-287x300.jpg 287w\" sizes=\"(max-width: 440px) 100vw, 440px\" \/>\t\t\t<\/a>\n\t\t\t\t\t<\/div>\n\t\t\t\t<\/div>\n\t\t\t\t<\/div>\n\t\t\t\t<\/div>\n\t\t\t\t\t<\/div>\n\t\t\t\t<\/div>\n\t\t<div class=\"elementor-element elementor-element-4143070 e-flex e-con-boxed e-con e-parent\" data-id=\"4143070\" data-element_type=\"container\">\n\t\t\t\t\t<div class=\"e-con-inner\">\n\t\t\t\t<div class=\"elementor-element elementor-element-3928272 elementor-widget elementor-widget-spacer\" data-id=\"3928272\" data-element_type=\"widget\" data-widget_type=\"spacer.default\">\n\t\t\t\t<div class=\"elementor-widget-container\">\n\t\t\t\t\t<div class=\"elementor-spacer\">\n\t\t\t<div class=\"elementor-spacer-inner\"><\/div>\n\t\t<\/div>\n\t\t\t\t<\/div>\n\t\t\t\t<\/div>\n\t\t\t\t<div class=\"elementor-element elementor-element-1f81c7e elementor-widget elementor-widget-heading\" data-id=\"1f81c7e\" data-element_type=\"widget\" data-widget_type=\"heading.default\">\n\t\t\t\t<div class=\"elementor-widget-container\">\n\t\t\t<h1 class=\"elementor-heading-title elementor-size-default\">Bienvenue chez Trialis<\/h1>\t\t<\/div>\n\t\t\t\t<\/div>\n\t\t\t\t<div class=\"elementor-element elementor-element-c49b6cb elementor-widget-divider--view-line elementor-widget elementor-widget-divider\" data-id=\"c49b6cb\" data-element_type=\"widget\" data-widget_type=\"divider.default\">\n\t\t\t\t<div class=\"elementor-widget-container\">\n\t\t\t\t\t<div class=\"elementor-divider\">\n\t\t\t<span class=\"elementor-divider-separator\">\n\t\t\t\t\t\t<\/span>\n\t\t<\/div>\n\t\t\t\t<\/div>\n\t\t\t\t<\/div>\n\t\t\t\t<div class=\"elementor-element elementor-element-a76c06f elementor-widget elementor-widget-text-editor\" data-id=\"a76c06f\" data-element_type=\"widget\" data-widget_type=\"text-editor.default\">\n\t\t\t\t<div class=\"elementor-widget-container\">\n\t\t\t\t\t\t\t<h2 style=\"text-align: center;\" align=\"center\"><span style=\"color: #209fe3;\">Assurances \u2013 placements \u2013 cr\u00e9dits \u2013 financements<\/span><\/h2><p align=\"center\">TRIALIS Sprl \u2013 bureau de courtage en assurances et agence bancaire CRELAN<\/p><p>\u00a0<\/p>\t\t\t\t\t\t<\/div>\n\t\t\t\t<\/div>\n\t\t\t\t<div class=\"elementor-element elementor-element-c65c437 elementor-widget-divider--view-line elementor-widget elementor-widget-divider\" data-id=\"c65c437\" data-element_type=\"widget\" data-widget_type=\"divider.default\">\n\t\t\t\t<div class=\"elementor-widget-container\">\n\t\t\t\t\t<div class=\"elementor-divider\">\n\t\t\t<span class=\"elementor-divider-separator\">\n\t\t\t\t\t\t<\/span>\n\t\t<\/div>\n\t\t\t\t<\/div>\n\t\t\t\t<\/div>\n\t\t\t\t\t<\/div>\n\t\t\t\t<\/div>\n\t\t<div class=\"elementor-element elementor-element-b54f2b0 e-flex e-con-boxed e-con e-parent\" data-id=\"b54f2b0\" data-element_type=\"container\">\n\t\t\t\t\t<div class=\"e-con-inner\">\n\t\t<div class=\"elementor-element elementor-element-db7819f e-con-full e-flex e-con e-child\" data-id=\"db7819f\" data-element_type=\"container\">\n\t\t\t\t<div class=\"elementor-element elementor-element-e8881f6 elementor-widget elementor-widget-text-editor\" data-id=\"e8881f6\" data-element_type=\"widget\" data-widget_type=\"text-editor.default\">\n\t\t\t\t<div class=\"elementor-widget-container\">\n\t\t\t\t\t\t\t<h3><span style=\"color: #209fe3;\">Les points forts de Trialis<\/span><\/h3><ul><li><strong>Accessibilit\u00e9\u00a0:<\/strong>\u00a02 bureaux pour un contact proche du client (St. Vith &amp;\u00a0Hepscheid)<\/li><li><strong>Comp\u00e9tence\u00a0:<\/strong> 13 collaborateurs dont 1 juriste et\u00a06 courtiers en assurance<\/li><li><strong>Ind\u00e9pendance\u00a0:<\/strong> Trialis travaille avec plus de 40 compagnies d\u2019assurance<\/li><li><strong>Exp\u00e9rience professionnelle\u00a0:<\/strong> actif depuis plus de 30 ans<\/li><li><strong>Flexibilit\u00e9\u00a0:<\/strong> Rendez-vous chez les clients sur demande<\/li><li>\u2026 et Trialis assure des risques en Belgique au Luxembourg et en Allemagne<\/li><\/ul>\t\t\t\t\t\t<\/div>\n\t\t\t\t<\/div>\n\t\t\t\t<\/div>\n\t\t<div class=\"elementor-element elementor-element-97d4888 e-con-full e-flex e-con e-child\" data-id=\"97d4888\" data-element_type=\"container\">\n\t\t\t\t<div class=\"elementor-element elementor-element-0b8006c elementor-widget elementor-widget-text-editor\" data-id=\"0b8006c\" data-element_type=\"widget\" data-widget_type=\"text-editor.default\">\n\t\t\t\t<div class=\"elementor-widget-container\">\n\t\t\t\t\t\t\t<h3><span style=\"color: #209fe3;\">R\u00e9ception des clients dans des locaux modernes, \u00e9quip\u00e9s de la technologie la plus r\u00e9cente<\/span><\/h3><p>Le si\u00e8ge principal se situe dans les locaux modernis\u00e9s de l\u2019ancienne agence Maraite &amp; Lentz S.A. dans la rue principale 81 \u00e0 4780 St. Vith.<\/p><p>Les clients bancaires de l\u2019agence Crelan profiteront dor\u00e9navant d\u2019un nouveau distributeur automatique de billets qui sera m\u00eame accessible en dehors des heures d\u2019ouverture habituelles. Le contact personnel avec les clients est une priorit\u00e9 de Trialis et restera bien entendu maintenu.<\/p><p>La g\u00e9rance de Trialis continuera \u00e0 faire valoir sa plus-value en tant que conseiller\u00a0 ind\u00e9pendant dans le secteur des assurances. Trialis va conseiller sa client\u00e8le de fa\u00e7on personnelle et discr\u00e8te.<\/p><p>\u00a0<\/p>\t\t\t\t\t\t<\/div>\n\t\t\t\t<\/div>\n\t\t\t\t<\/div>\n\t\t\t\t\t<\/div>\n\t\t\t\t<\/div>\n\t\t<div class=\"elementor-element elementor-element-0ef425c e-flex e-con-boxed e-con e-parent\" data-id=\"0ef425c\" data-element_type=\"container\">\n\t\t\t\t\t<div class=\"e-con-inner\">\n\t\t\t\t<div class=\"elementor-element elementor-element-280ecf4 elementor-widget-divider--view-line elementor-widget elementor-widget-divider\" data-id=\"280ecf4\" data-element_type=\"widget\" data-widget_type=\"divider.default\">\n\t\t\t\t<div class=\"elementor-widget-container\">\n\t\t\t\t\t<div class=\"elementor-divider\">\n\t\t\t<span class=\"elementor-divider-separator\">\n\t\t\t\t\t\t<\/span>\n\t\t<\/div>\n\t\t\t\t<\/div>\n\t\t\t\t<\/div>\n\t\t\t\t\t<\/div>\n\t\t\t\t<\/div>\n\t\t<div class=\"elementor-element elementor-element-7c88756 e-flex e-con-boxed e-con e-parent\" data-id=\"7c88756\" data-element_type=\"container\">\n\t\t\t\t\t<div class=\"e-con-inner\">\n\t\t<div class=\"elementor-element elementor-element-6791cab e-con-full e-flex e-con e-child\" data-id=\"6791cab\" data-element_type=\"container\">\n\t\t\t\t<div class=\"elementor-element elementor-element-2212d0d elementor-widget elementor-widget-text-editor\" data-id=\"2212d0d\" data-element_type=\"widget\" data-widget_type=\"text-editor.default\">\n\t\t\t\t<div class=\"elementor-widget-container\">\n\t\t\t\t\t\t\t<h3><span style=\"color: #209fe3;\">Facilement accessible<\/span><\/h3><p>L\u2019agence de St. Vith dispose d\u2019un parking priv\u00e9 \u00e0 l\u2019arri\u00e8re du b\u00e2timent. Un parking ouvert au grand public en face du bureau facilite au maximum l\u2019acc\u00e8s.<\/p>\t\t\t\t\t\t<\/div>\n\t\t\t\t<\/div>\n\t\t\t\t<\/div>\n\t\t<div class=\"elementor-element elementor-element-57d8baf e-con-full e-flex e-con e-child\" data-id=\"57d8baf\" data-element_type=\"container\">\n\t\t\t\t<div class=\"elementor-element elementor-element-8340d90 elementor-widget elementor-widget-text-editor\" data-id=\"8340d90\" data-element_type=\"widget\" data-widget_type=\"text-editor.default\">\n\t\t\t\t<div class=\"elementor-widget-container\">\n\t\t\t\t\t\t\t<h3><span style=\"color: #209fe3;\">Coordonn\u00e9es en r\u00e9sum\u00e9<\/span><\/h3><p>Hauptstra\u00dfe 81, 4780\u00a0ST. VITH, Tel: 080\/440 140<\/p><p><a href=\"mailto:info@trialis.be\">info@trialis.be<\/a>\u00a0\u2013\u00a0<a href=\"https:\/\/trialis.be\/\">www.trialis.be<\/a><\/p><p>TRIALIS GmbH, FSMA 114936A-cB, BE0643444649, HRE Eupen.<\/p>\t\t\t\t\t\t<\/div>\n\t\t\t\t<\/div>\n\t\t\t\t<\/div>\n\t\t\t\t\t<\/div>\n\t\t\t\t<\/div>\n\t\t<div class=\"elementor-element elementor-element-3c6e25f e-flex e-con-boxed e-con e-parent\" data-id=\"3c6e25f\" data-element_type=\"container\">\n\t\t\t\t\t<div class=\"e-con-inner\">\n\t\t\t\t<div class=\"elementor-element elementor-element-5a31719 elementor-widget elementor-widget-heading\" data-id=\"5a31719\" data-element_type=\"widget\" data-widget_type=\"heading.default\">\n\t\t\t\t<div class=\"elementor-widget-container\">\n\t\t\t<h2 class=\"elementor-heading-title elementor-size-default\">TRIALIS Sprl, FSMA 114936A-cB, BE0643444649, HRE Eupen.<\/h2>\t\t<\/div>\n\t\t\t\t<\/div>\n\t\t\t\t<div class=\"elementor-element elementor-element-9e10f5b elementor-widget elementor-widget-spacer\" data-id=\"9e10f5b\" data-element_type=\"widget\" data-widget_type=\"spacer.default\">\n\t\t\t\t<div class=\"elementor-widget-container\">\n\t\t\t\t\t<div class=\"elementor-spacer\">\n\t\t\t<div class=\"elementor-spacer-inner\"><\/div>\n\t\t<\/div>\n\t\t\t\t<\/div>\n\t\t\t\t<\/div>\n\t\t\t\t\t<\/div>\n\t\t\t\t<\/div>\n\t\t\t\t<\/div>\n\t\t","protected":false},"excerpt":{"rendered":"<p>Bienvenue chez Trialis Assurances \u2013 placements \u2013 cr\u00e9dits \u2013 financements TRIALIS Sprl \u2013 bureau de courtage en assurances et agence bancaire CRELAN \u00a0 Les points forts de Trialis Accessibilit\u00e9\u00a0:\u00a02 bureaux pour un contact proche du client (St. Vith &amp;\u00a0Hepscheid) Comp\u00e9tence\u00a0: 13 collaborateurs dont 1 juriste et\u00a06 courtiers en assurance Ind\u00e9pendance\u00a0: Trialis travaille avec plus de [&hellip;]<\/p>\n","protected":false},"author":1,"featured_media":0,"parent":0,"menu_order":0,"comment_status":"closed","ping_status":"closed","template":"","meta":{"_acf_changed":false,"om_disable_all_campaigns":false,"_monsterinsights_skip_tracking":false,"_monsterinsights_sitenote_active":false,"_monsterinsights_sitenote_note":"","_monsterinsights_sitenote_category":0,"footnotes":""},"class_list":["post-983","page","type-page","status-publish","hentry"],"acf":[],"aioseo_notices":[],"_links":{"self":[{"href":"https:\/\/trialis.be\/fr\/wp-json\/wp\/v2\/pages\/983","targetHints":{"allow":["GET"]}}],"collection":[{"href":"https:\/\/trialis.be\/fr\/wp-json\/wp\/v2\/pages"}],"about":[{"href":"https:\/\/trialis.be\/fr\/wp-json\/wp\/v2\/types\/page"}],"author":[{"embeddable":true,"href":"https:\/\/trialis.be\/fr\/wp-json\/wp\/v2\/users\/1"}],"replies":[{"embeddable":true,"href":"https:\/\/trialis.be\/fr\/wp-json\/wp\/v2\/comments?post=983"}],"version-history":[{"count":35,"href":"https:\/\/trialis.be\/fr\/wp-json\/wp\/v2\/pages\/983\/revisions"}],"predecessor-version":[{"id":1654,"href":"https:\/\/trialis.be\/fr\/wp-json\/wp\/v2\/pages\/983\/revisions\/1654"}],"wp:attachment":[{"href":"https:\/\/trialis.be\/fr\/wp-json\/wp\/v2\/media?parent=983"}],"curies":[{"name":"wp","href":"https:\/\/api.w.org\/{rel}","templated":true}]}}