{"id":637,"date":"2023-11-07T13:43:55","date_gmt":"2023-11-07T13:43:55","guid":{"rendered":"https:\/\/johanns.be\/?page_id=637"},"modified":"2023-11-10T08:03:53","modified_gmt":"2023-11-10T08:03:53","slug":"vie-privee","status":"publish","type":"page","link":"https:\/\/trialis.be\/fr\/vie-privee\/","title":{"rendered":"Vie priv\u00e9e"},"content":{"rendered":"\t\t<div data-elementor-type=\"wp-page\" data-elementor-id=\"637\" class=\"elementor elementor-637 elementor-543\">\n\t\t\t\t<div class=\"elementor-element elementor-element-5c3cb8ab e-flex e-con-boxed e-con e-parent\" data-id=\"5c3cb8ab\" data-element_type=\"container\">\n\t\t\t\t\t<div class=\"e-con-inner\">\n\t\t\t\t<div class=\"elementor-element elementor-element-28d8a609 elementor-pagination-position-inside elementor-arrows-position-inside elementor-widget elementor-widget-image-carousel\" data-id=\"28d8a609\" data-element_type=\"widget\" data-settings=\"{&quot;slides_to_show&quot;:&quot;1&quot;,&quot;navigation&quot;:&quot;both&quot;,&quot;autoplay&quot;:&quot;yes&quot;,&quot;pause_on_hover&quot;:&quot;yes&quot;,&quot;pause_on_interaction&quot;:&quot;yes&quot;,&quot;autoplay_speed&quot;:5000,&quot;infinite&quot;:&quot;yes&quot;,&quot;effect&quot;:&quot;slide&quot;,&quot;speed&quot;:500}\" data-widget_type=\"image-carousel.default\">\n\t\t\t\t<div class=\"elementor-widget-container\">\n\t\t\t\t\t<div class=\"elementor-image-carousel-wrapper swiper\" dir=\"ltr\">\n\t\t\t<div class=\"elementor-image-carousel swiper-wrapper swiper-image-stretch\" aria-live=\"off\">\n\t\t\t\t\t\t\t\t<div class=\"swiper-slide\" role=\"group\" aria-roledescription=\"slide\" aria-label=\"1 sur 2\"><figure class=\"swiper-slide-inner\"><img decoding=\"async\" class=\"swiper-slide-image\" src=\"https:\/\/trialis.be\/wp-content\/uploads\/2023\/11\/header_fusion_de.jpg\" alt=\"\" \/><\/figure><\/div><div class=\"swiper-slide\" role=\"group\" aria-roledescription=\"slide\" aria-label=\"2 sur 2\"><figure class=\"swiper-slide-inner\"><img decoding=\"async\" class=\"swiper-slide-image\" src=\"https:\/\/trialis.be\/wp-content\/uploads\/2023\/11\/Trialis-slider-partner.jpg\" alt=\"\" \/><\/figure><\/div>\t\t\t<\/div>\n\t\t\t\t\t\t\t\t\t\t\t\t<div class=\"elementor-swiper-button elementor-swiper-button-prev\" role=\"button\" tabindex=\"0\">\n\t\t\t\t\t\t<svg aria-hidden=\"true\" class=\"e-font-icon-svg e-eicon-chevron-left\" viewBox=\"0 0 1000 1000\" xmlns=\"http:\/\/www.w3.org\/2000\/svg\"><path d=\"M646 125C629 125 613 133 604 142L308 442C296 454 292 471 292 487 292 504 296 521 308 533L604 854C617 867 629 875 646 875 663 875 679 871 692 858 704 846 713 829 713 812 713 796 708 779 692 767L438 487 692 225C700 217 708 204 708 187 708 171 704 154 692 142 675 129 663 125 646 125Z\"><\/path><\/svg>\t\t\t\t\t<\/div>\n\t\t\t\t\t<div class=\"elementor-swiper-button elementor-swiper-button-next\" role=\"button\" tabindex=\"0\">\n\t\t\t\t\t\t<svg aria-hidden=\"true\" class=\"e-font-icon-svg e-eicon-chevron-right\" viewBox=\"0 0 1000 1000\" xmlns=\"http:\/\/www.w3.org\/2000\/svg\"><path d=\"M696 533C708 521 713 504 713 487 713 471 708 454 696 446L400 146C388 133 375 125 354 125 338 125 325 129 313 142 300 154 292 171 292 187 292 204 296 221 308 233L563 492 304 771C292 783 288 800 288 817 288 833 296 850 308 863 321 871 338 875 354 875 371 875 388 867 400 854L696 533Z\"><\/path><\/svg>\t\t\t\t\t<\/div>\n\t\t\t\t\n\t\t\t\t\t\t\t\t\t<div class=\"swiper-pagination\"><\/div>\n\t\t\t\t\t\t\t\t\t<\/div>\n\t\t\t\t<\/div>\n\t\t\t\t<\/div>\n\t\t\t\t<div class=\"elementor-element elementor-element-7fc234e7 elementor-widget elementor-widget-spacer\" data-id=\"7fc234e7\" data-element_type=\"widget\" data-widget_type=\"spacer.default\">\n\t\t\t\t<div class=\"elementor-widget-container\">\n\t\t\t\t\t<div class=\"elementor-spacer\">\n\t\t\t<div class=\"elementor-spacer-inner\"><\/div>\n\t\t<\/div>\n\t\t\t\t<\/div>\n\t\t\t\t<\/div>\n\t\t\t\t\t<\/div>\n\t\t\t\t<\/div>\n\t\t<div class=\"elementor-element elementor-element-4143070 e-flex e-con-boxed e-con e-parent\" data-id=\"4143070\" data-element_type=\"container\">\n\t\t\t\t\t<div class=\"e-con-inner\">\n\t\t\t\t<div class=\"elementor-element elementor-element-307493f elementor-widget elementor-widget-spacer\" data-id=\"307493f\" data-element_type=\"widget\" data-widget_type=\"spacer.default\">\n\t\t\t\t<div class=\"elementor-widget-container\">\n\t\t\t\t\t<div class=\"elementor-spacer\">\n\t\t\t<div class=\"elementor-spacer-inner\"><\/div>\n\t\t<\/div>\n\t\t\t\t<\/div>\n\t\t\t\t<\/div>\n\t\t\t\t<div class=\"elementor-element elementor-element-1f81c7e elementor-widget elementor-widget-heading\" data-id=\"1f81c7e\" data-element_type=\"widget\" data-widget_type=\"heading.default\">\n\t\t\t\t<div class=\"elementor-widget-container\">\n\t\t\t<h1 class=\"elementor-heading-title elementor-size-default\">\nInfos l\u00e9gales<\/h1>\t\t<\/div>\n\t\t\t\t<\/div>\n\t\t\t\t<div class=\"elementor-element elementor-element-2c8d346 elementor-widget elementor-widget-spacer\" data-id=\"2c8d346\" data-element_type=\"widget\" data-widget_type=\"spacer.default\">\n\t\t\t\t<div class=\"elementor-widget-container\">\n\t\t\t\t\t<div class=\"elementor-spacer\">\n\t\t\t<div class=\"elementor-spacer-inner\"><\/div>\n\t\t<\/div>\n\t\t\t\t<\/div>\n\t\t\t\t<\/div>\n\t\t\t\t\t<\/div>\n\t\t\t\t<\/div>\n\t\t<div class=\"elementor-element elementor-element-ca729ca e-flex e-con-boxed e-con e-parent\" data-id=\"ca729ca\" data-element_type=\"container\">\n\t\t\t\t\t<div class=\"e-con-inner\">\n\t\t<div class=\"elementor-element elementor-element-500316c e-con-full e-flex e-con e-child\" data-id=\"500316c\" data-element_type=\"container\">\n\t\t\t\t<div class=\"elementor-element elementor-element-a76c06f elementor-widget elementor-widget-text-editor\" data-id=\"a76c06f\" data-element_type=\"widget\" data-widget_type=\"text-editor.default\">\n\t\t\t\t<div class=\"elementor-widget-container\">\n\t\t\t\t\t\t\t<h2><span style=\"color: #0069b4;\">Editeur responsable\n<\/span><\/h2>\t\t\t\t\t\t<\/div>\n\t\t\t\t<\/div>\n\t\t\t\t<div class=\"elementor-element elementor-element-0b8006c elementor-widget elementor-widget-text-editor\" data-id=\"0b8006c\" data-element_type=\"widget\" data-widget_type=\"text-editor.default\">\n\t\t\t\t<div class=\"elementor-widget-container\">\n\t\t\t\t\t\t\t<p>TRIALIS PGmbH<br \/>Hauptstra\u00dfe 81<br \/>4780 ST. VITH (B)<\/p><p>T\u00e9l: 080\/440140<br \/>Fax: 080\/440149<br \/>E-Mail: <a href=\"mailto:info@trialis.be\">info@trialis.be<\/a><\/p>\t\t\t\t\t\t<\/div>\n\t\t\t\t<\/div>\n\t\t\t\t<div class=\"elementor-element elementor-element-1fce9af elementor-widget elementor-widget-text-editor\" data-id=\"1fce9af\" data-element_type=\"widget\" data-widget_type=\"text-editor.default\">\n\t\t\t\t<div class=\"elementor-widget-container\">\n\t\t\t\t\t\t\t<h2><span style=\"color: #0069b4;\">Copyright<\/span><\/h2>\t\t\t\t\t\t<\/div>\n\t\t\t\t<\/div>\n\t\t\t\t<div class=\"elementor-element elementor-element-5c4c5be elementor-widget elementor-widget-text-editor\" data-id=\"5c4c5be\" data-element_type=\"widget\" data-widget_type=\"text-editor.default\">\n\t\t\t\t<div class=\"elementor-widget-container\">\n\t\t\t\t\t\t\t<p>\u00a9 2023 Trialis<br \/>Tous les textes, images, logos et illustrations sont prot\u00e9g\u00e9s en mati\u00e8re de droits d\u2019auteur. L&rsquo;ensemble du site web (textes, donn\u00e9es, images, photos, graphiques, logos, descriptions de produits, etc.) est couvert par le droit d&rsquo;auteur et marques d\u00e9pos\u00e9es.<\/p><p>\u00a0<\/p><h2>Responsabilit\u00e9 du visiteur<\/h2><p>Toutes les informations sur ce site ont \u00e9t\u00e9 recherch\u00e9es soigneusement. Cependant, l&rsquo;\u00e9diteur ne peut \u00eatre tenu responsable de l\u2019exactitude des informations cit\u00e9es. Le site contient des liens vers d\u2019autres sites qui sont soit li\u00e9s, soit totalement ind\u00e9pendants du notre. On ne pourra en aucun cas \u00eatre tenu responsable du contenu qui ferait partie d\u2019un site vers lequel renverrait un lien propos\u00e9 par notre site. Si vous remarquez des erreurs ou des informations incorrectes sur ce site, pri\u00e8re de nous les communiquer par \u00e9crit.<\/p><p>\u00a0<\/p>\t\t\t\t\t\t<\/div>\n\t\t\t\t<\/div>\n\t\t\t\t<div class=\"elementor-element elementor-element-04ef1ee elementor-widget elementor-widget-image\" data-id=\"04ef1ee\" data-element_type=\"widget\" data-widget_type=\"image.default\">\n\t\t\t\t<div class=\"elementor-widget-container\">\n\t\t\t\t\t\t\t\t\t\t\t\t\t\t<a href=\"https:\/\/www.gdprfolder.eu\/fr-be\/conformite-rgpd\/trialis-sprl\" target=\"_blank\">\n\t\t\t\t\t\t\t<img decoding=\"async\" width=\"75\" height=\"92\" src=\"https:\/\/trialis.be\/wp-content\/uploads\/2023\/11\/gdpr-s.png\" class=\"attachment-full size-full wp-image-554\" alt=\"\" \/>\t\t\t\t\t\t\t\t<\/a>\n\t\t\t\t\t\t\t\t\t\t\t\t\t<\/div>\n\t\t\t\t<\/div>\n\t\t\t\t<\/div>\n\t\t<div class=\"elementor-element elementor-element-178ce38 e-con-full e-flex e-con e-child\" data-id=\"178ce38\" data-element_type=\"container\">\n\t\t\t\t<div class=\"elementor-element elementor-element-8fbbfef elementor-widget elementor-widget-text-editor\" data-id=\"8fbbfef\" data-element_type=\"widget\" data-widget_type=\"text-editor.default\">\n\t\t\t\t<div class=\"elementor-widget-container\">\n\t\t\t\t\t\t\t<h2><span style=\"color: #0069b4;\">R\u00e9alisation &#038; Hosting\n<\/span><\/h2>\t\t\t\t\t\t<\/div>\n\t\t\t\t<\/div>\n\t\t\t\t<div class=\"elementor-element elementor-element-4109b90 elementor-widget elementor-widget-text-editor\" data-id=\"4109b90\" data-element_type=\"widget\" data-widget_type=\"text-editor.default\">\n\t\t\t\t<div class=\"elementor-widget-container\">\n\t\t\t\t\t\t\t<p>INDIGO PGmbH<\/p><address>Solvaystra\u00dfe 3<br \/>B-4780 SANKT VITH <br \/>Belgien<\/address><address>T\u00e9l.: +32 (0)80 280 281<br \/>E-Mail: <a href=\"mailto:info@indigo.info\">info@indigo.info<\/a><\/address>\t\t\t\t\t\t<\/div>\n\t\t\t\t<\/div>\n\t\t\t\t<div class=\"elementor-element elementor-element-670ddbb elementor-widget elementor-widget-text-editor\" data-id=\"670ddbb\" data-element_type=\"widget\" data-widget_type=\"text-editor.default\">\n\t\t\t\t<div class=\"elementor-widget-container\">\n\t\t\t\t\t\t\t<h2><span style=\"color: #0069b4;\">Programmation<\/span><\/h2>\t\t\t\t\t\t<\/div>\n\t\t\t\t<\/div>\n\t\t\t\t<div class=\"elementor-element elementor-element-69b7f45 elementor-widget elementor-widget-text-editor\" data-id=\"69b7f45\" data-element_type=\"widget\" data-widget_type=\"text-editor.default\">\n\t\t\t\t<div class=\"elementor-widget-container\">\n\t\t\t\t\t\t\t<address><strong>Indigoweb s\u00e0rl<\/strong><\/address><address>ZI In den Allern 6<br class=\"\" \/>L-9911 TROISVIERGES<br \/>Luxemburg<\/address><address>\u00a0<\/address><address>Tel.: +352 26 90 31 28<\/address><address><a title=\"www.indigo.info\" href=\"http:\/\/www.indigo.info\/\" target=\"_blank\" rel=\"noopener\">www.indigo.info<\/a><\/address><p>\u00a0<\/p>\t\t\t\t\t\t<\/div>\n\t\t\t\t<\/div>\n\t\t\t\t<\/div>\n\t\t\t\t\t<\/div>\n\t\t\t\t<\/div>\n\t\t\t\t<\/div>\n\t\t","protected":false},"excerpt":{"rendered":"<p>Infos l\u00e9gales Editeur responsable TRIALIS PGmbH Hauptstra\u00dfe 81 4780 ST. VITH (B) T\u00e9l: 080\/440140 Fax: 080\/440149 E-Mail: info@trialis.be Copyright \u00a9 2023 Trialis Tous les textes, images, logos et illustrations sont prot\u00e9g\u00e9s en mati\u00e8re de droits d\u2019auteur. L&rsquo;ensemble du site web (textes, donn\u00e9es, images, photos, graphiques, logos, descriptions de produits, etc.) est couvert par le droit [&hellip;]<\/p>\n","protected":false},"author":1,"featured_media":0,"parent":0,"menu_order":0,"comment_status":"closed","ping_status":"closed","template":"","meta":{"_acf_changed":false,"om_disable_all_campaigns":false,"_monsterinsights_skip_tracking":false,"_monsterinsights_sitenote_active":false,"_monsterinsights_sitenote_note":"","_monsterinsights_sitenote_category":0,"footnotes":""},"class_list":["post-637","page","type-page","status-publish","hentry"],"acf":[],"aioseo_notices":[],"_links":{"self":[{"href":"https:\/\/trialis.be\/fr\/wp-json\/wp\/v2\/pages\/637","targetHints":{"allow":["GET"]}}],"collection":[{"href":"https:\/\/trialis.be\/fr\/wp-json\/wp\/v2\/pages"}],"about":[{"href":"https:\/\/trialis.be\/fr\/wp-json\/wp\/v2\/types\/page"}],"author":[{"embeddable":true,"href":"https:\/\/trialis.be\/fr\/wp-json\/wp\/v2\/users\/1"}],"replies":[{"embeddable":true,"href":"https:\/\/trialis.be\/fr\/wp-json\/wp\/v2\/comments?post=637"}],"version-history":[{"count":12,"href":"https:\/\/trialis.be\/fr\/wp-json\/wp\/v2\/pages\/637\/revisions"}],"predecessor-version":[{"id":1302,"href":"https:\/\/trialis.be\/fr\/wp-json\/wp\/v2\/pages\/637\/revisions\/1302"}],"wp:attachment":[{"href":"https:\/\/trialis.be\/fr\/wp-json\/wp\/v2\/media?parent=637"}],"curies":[{"name":"wp","href":"https:\/\/api.w.org\/{rel}","templated":true}]}}