{"id":1020,"date":"2023-11-07T13:30:18","date_gmt":"2023-11-07T13:30:18","guid":{"rendered":"https:\/\/johanns.be\/?page_id=1020"},"modified":"2023-11-10T08:22:51","modified_gmt":"2023-11-10T08:22:51","slug":"a-propos","status":"publish","type":"page","link":"https:\/\/trialis.be\/fr\/a-propos\/","title":{"rendered":"A propos"},"content":{"rendered":"\t\t<div data-elementor-type=\"wp-page\" data-elementor-id=\"1020\" class=\"elementor elementor-1020 elementor-533\">\n\t\t\t\t<div class=\"elementor-element elementor-element-5c3cb8ab elementor-hidden-mobile e-flex e-con-boxed e-con e-parent\" data-id=\"5c3cb8ab\" data-element_type=\"container\">\n\t\t\t\t\t<div class=\"e-con-inner\">\n\t\t\t\t<div class=\"elementor-element elementor-element-28d8a609 elementor-pagination-position-inside elementor-arrows-position-inside elementor-widget elementor-widget-image-carousel\" data-id=\"28d8a609\" data-element_type=\"widget\" data-settings=\"{&quot;slides_to_show&quot;:&quot;1&quot;,&quot;navigation&quot;:&quot;both&quot;,&quot;autoplay&quot;:&quot;yes&quot;,&quot;pause_on_hover&quot;:&quot;yes&quot;,&quot;pause_on_interaction&quot;:&quot;yes&quot;,&quot;autoplay_speed&quot;:5000,&quot;infinite&quot;:&quot;yes&quot;,&quot;effect&quot;:&quot;slide&quot;,&quot;speed&quot;:500}\" data-widget_type=\"image-carousel.default\">\n\t\t\t\t<div class=\"elementor-widget-container\">\n\t\t\t\t\t<div class=\"elementor-image-carousel-wrapper swiper\" dir=\"ltr\">\n\t\t\t<div class=\"elementor-image-carousel swiper-wrapper swiper-image-stretch\" aria-live=\"off\">\n\t\t\t\t\t\t\t\t<div class=\"swiper-slide\" role=\"group\" aria-roledescription=\"slide\" aria-label=\"1 sur 2\"><figure class=\"swiper-slide-inner\"><img decoding=\"async\" class=\"swiper-slide-image\" src=\"https:\/\/trialis.be\/wp-content\/uploads\/2023\/11\/header_fusion_de.jpg\" alt=\"header_fusion_de\" \/><\/figure><\/div><div class=\"swiper-slide\" role=\"group\" aria-roledescription=\"slide\" aria-label=\"2 sur 2\"><figure class=\"swiper-slide-inner\"><img decoding=\"async\" class=\"swiper-slide-image\" src=\"https:\/\/trialis.be\/wp-content\/uploads\/2023\/11\/Trialis-slider-partner.jpg\" alt=\"Starker Partner\" \/><\/figure><\/div>\t\t\t<\/div>\n\t\t\t\t\t\t\t\t\t\t\t\t<div class=\"elementor-swiper-button elementor-swiper-button-prev\" role=\"button\" tabindex=\"0\">\n\t\t\t\t\t\t<svg aria-hidden=\"true\" class=\"e-font-icon-svg e-eicon-chevron-left\" viewBox=\"0 0 1000 1000\" xmlns=\"http:\/\/www.w3.org\/2000\/svg\"><path d=\"M646 125C629 125 613 133 604 142L308 442C296 454 292 471 292 487 292 504 296 521 308 533L604 854C617 867 629 875 646 875 663 875 679 871 692 858 704 846 713 829 713 812 713 796 708 779 692 767L438 487 692 225C700 217 708 204 708 187 708 171 704 154 692 142 675 129 663 125 646 125Z\"><\/path><\/svg>\t\t\t\t\t<\/div>\n\t\t\t\t\t<div class=\"elementor-swiper-button elementor-swiper-button-next\" role=\"button\" tabindex=\"0\">\n\t\t\t\t\t\t<svg aria-hidden=\"true\" class=\"e-font-icon-svg e-eicon-chevron-right\" viewBox=\"0 0 1000 1000\" xmlns=\"http:\/\/www.w3.org\/2000\/svg\"><path d=\"M696 533C708 521 713 504 713 487 713 471 708 454 696 446L400 146C388 133 375 125 354 125 338 125 325 129 313 142 300 154 292 171 292 187 292 204 296 221 308 233L563 492 304 771C292 783 288 800 288 817 288 833 296 850 308 863 321 871 338 875 354 875 371 875 388 867 400 854L696 533Z\"><\/path><\/svg>\t\t\t\t\t<\/div>\n\t\t\t\t\n\t\t\t\t\t\t\t\t\t<div class=\"swiper-pagination\"><\/div>\n\t\t\t\t\t\t\t\t\t<\/div>\n\t\t\t\t<\/div>\n\t\t\t\t<\/div>\n\t\t\t\t<div class=\"elementor-element elementor-element-7fc234e7 elementor-widget elementor-widget-spacer\" data-id=\"7fc234e7\" data-element_type=\"widget\" data-widget_type=\"spacer.default\">\n\t\t\t\t<div class=\"elementor-widget-container\">\n\t\t\t\t\t<div class=\"elementor-spacer\">\n\t\t\t<div class=\"elementor-spacer-inner\"><\/div>\n\t\t<\/div>\n\t\t\t\t<\/div>\n\t\t\t\t<\/div>\n\t\t\t\t\t<\/div>\n\t\t\t\t<\/div>\n\t\t<div class=\"elementor-element elementor-element-323b457c elementor-hidden-mobile e-flex e-con-boxed e-con e-parent\" data-id=\"323b457c\" data-element_type=\"container\">\n\t\t\t\t\t<div class=\"e-con-inner\">\n\t\t<div class=\"elementor-element elementor-element-4087ebfd e-con-full e-flex e-con e-child\" data-id=\"4087ebfd\" data-element_type=\"container\">\n\t\t\t\t<div class=\"elementor-element elementor-element-46c1c325 elementor-widget elementor-widget-raven-image\" data-id=\"46c1c325\" data-element_type=\"widget\" data-widget_type=\"raven-image.default\">\n\t\t\t\t<div class=\"elementor-widget-container\">\n\t\t\t\t\t<div class=\"raven-image raven-switch-image\">\r\n\t\t\r\n\t\t\t\t\t\t<a href=\"https:\/\/trialis.be\/fr\/changement-vers-trialis\/\" class=\"elementor-clickable\" data-elementor-open-lightbox=\"\">\r\n\t\t\r\n\t\t<img fetchpriority=\"high\" decoding=\"async\" width=\"440\" height=\"460\" src=\"https:\/\/trialis.be\/wp-content\/uploads\/2023\/11\/trialis-box-changement-hover.jpg\" class=\"attachment-full size-full wp-image-990\" alt=\"\" srcset=\"https:\/\/trialis.be\/wp-content\/uploads\/2023\/11\/trialis-box-changement-hover.jpg 440w, https:\/\/trialis.be\/wp-content\/uploads\/2023\/11\/trialis-box-changement-hover-287x300.jpg 287w\" sizes=\"(max-width: 440px) 100vw, 440px\" \/><img decoding=\"async\" width=\"440\" height=\"460\" src=\"https:\/\/trialis.be\/wp-content\/uploads\/2023\/11\/trialis-box-changement.jpg\" class=\"attachment-full size-full wp-image-988\" alt=\"\" srcset=\"https:\/\/trialis.be\/wp-content\/uploads\/2023\/11\/trialis-box-changement.jpg 440w, https:\/\/trialis.be\/wp-content\/uploads\/2023\/11\/trialis-box-changement-287x300.jpg 287w\" sizes=\"(max-width: 440px) 100vw, 440px\" \/>\t\t\t<\/a>\r\n\t\t\t\t\t<\/div>\r\n\t\t\t\t<\/div>\n\t\t\t\t<\/div>\n\t\t\t\t<\/div>\n\t\t<div class=\"elementor-element elementor-element-15e6e0c3 e-con-full e-flex e-con e-child\" data-id=\"15e6e0c3\" data-element_type=\"container\">\n\t\t\t\t<div class=\"elementor-element elementor-element-50026a5b elementor-widget elementor-widget-raven-image\" data-id=\"50026a5b\" data-element_type=\"widget\" data-widget_type=\"raven-image.default\">\n\t\t\t\t<div class=\"elementor-widget-container\">\n\t\t\t\t\t<div class=\"raven-image raven-switch-image\">\r\n\t\t\r\n\t\t\t\t\t\t<a href=\"https:\/\/trialis.be\/fr\/tarification-auto\/\" class=\"elementor-clickable\" data-elementor-open-lightbox=\"\">\r\n\t\t\r\n\t\t<img decoding=\"async\" width=\"440\" height=\"460\" src=\"https:\/\/trialis.be\/wp-content\/uploads\/2023\/11\/trialis-box-tarification-hover.jpg\" class=\"attachment-full size-full wp-image-994\" alt=\"\" srcset=\"https:\/\/trialis.be\/wp-content\/uploads\/2023\/11\/trialis-box-tarification-hover.jpg 440w, https:\/\/trialis.be\/wp-content\/uploads\/2023\/11\/trialis-box-tarification-hover-287x300.jpg 287w\" sizes=\"(max-width: 440px) 100vw, 440px\" \/><img loading=\"lazy\" decoding=\"async\" width=\"440\" height=\"460\" src=\"https:\/\/trialis.be\/wp-content\/uploads\/2023\/11\/trialis-box-tarification.jpg\" class=\"attachment-full size-full wp-image-992\" alt=\"\" srcset=\"https:\/\/trialis.be\/wp-content\/uploads\/2023\/11\/trialis-box-tarification.jpg 440w, https:\/\/trialis.be\/wp-content\/uploads\/2023\/11\/trialis-box-tarification-287x300.jpg 287w\" sizes=\"(max-width: 440px) 100vw, 440px\" \/>\t\t\t<\/a>\r\n\t\t\t\t\t<\/div>\r\n\t\t\t\t<\/div>\n\t\t\t\t<\/div>\n\t\t\t\t<\/div>\n\t\t<div class=\"elementor-element elementor-element-17b4a2ee e-con-full e-flex e-con e-child\" data-id=\"17b4a2ee\" data-element_type=\"container\">\n\t\t\t\t<div class=\"elementor-element elementor-element-7db8a5a2 elementor-widget elementor-widget-raven-image\" data-id=\"7db8a5a2\" data-element_type=\"widget\" data-widget_type=\"raven-image.default\">\n\t\t\t\t<div class=\"elementor-widget-container\">\n\t\t\t\t\t<div class=\"raven-image raven-switch-image\">\r\n\t\t\r\n\t\t\t\t\t\t<a href=\"https:\/\/trialis.be\/fr\/service-sinistre\/\" class=\"elementor-clickable\" data-elementor-open-lightbox=\"\">\r\n\t\t\r\n\t\t<img loading=\"lazy\" decoding=\"async\" width=\"440\" height=\"460\" src=\"https:\/\/trialis.be\/wp-content\/uploads\/2023\/11\/trialis-box-service-hover.jpg\" class=\"attachment-full size-full wp-image-998\" alt=\"\" srcset=\"https:\/\/trialis.be\/wp-content\/uploads\/2023\/11\/trialis-box-service-hover.jpg 440w, https:\/\/trialis.be\/wp-content\/uploads\/2023\/11\/trialis-box-service-hover-287x300.jpg 287w\" sizes=\"(max-width: 440px) 100vw, 440px\" \/><img loading=\"lazy\" decoding=\"async\" width=\"440\" height=\"460\" src=\"https:\/\/trialis.be\/wp-content\/uploads\/2023\/11\/trialis-box-service.jpg\" class=\"attachment-full size-full wp-image-996\" alt=\"\" srcset=\"https:\/\/trialis.be\/wp-content\/uploads\/2023\/11\/trialis-box-service.jpg 440w, https:\/\/trialis.be\/wp-content\/uploads\/2023\/11\/trialis-box-service-287x300.jpg 287w\" sizes=\"(max-width: 440px) 100vw, 440px\" \/>\t\t\t<\/a>\r\n\t\t\t\t\t<\/div>\r\n\t\t\t\t<\/div>\n\t\t\t\t<\/div>\n\t\t\t\t<\/div>\n\t\t<div class=\"elementor-element elementor-element-78baf441 e-con-full e-flex e-con e-child\" data-id=\"78baf441\" data-element_type=\"container\">\n\t\t\t\t<div class=\"elementor-element elementor-element-5440b92a elementor-widget elementor-widget-raven-image\" data-id=\"5440b92a\" data-element_type=\"widget\" data-widget_type=\"raven-image.default\">\n\t\t\t\t<div class=\"elementor-widget-container\">\n\t\t\t\t\t<div class=\"raven-image raven-switch-image\">\r\n\t\t\r\n\t\t\t\t\t\t<a href=\"https:\/\/trialis.be\/fr\/partenaires-dassurance\/\" class=\"elementor-clickable\" data-elementor-open-lightbox=\"\">\r\n\t\t\r\n\t\t<img loading=\"lazy\" decoding=\"async\" width=\"440\" height=\"460\" src=\"https:\/\/trialis.be\/wp-content\/uploads\/2023\/11\/trialis-box-partenaires-hover.jpg\" class=\"attachment-full size-full wp-image-1002\" alt=\"\" srcset=\"https:\/\/trialis.be\/wp-content\/uploads\/2023\/11\/trialis-box-partenaires-hover.jpg 440w, https:\/\/trialis.be\/wp-content\/uploads\/2023\/11\/trialis-box-partenaires-hover-287x300.jpg 287w\" sizes=\"(max-width: 440px) 100vw, 440px\" \/><img loading=\"lazy\" decoding=\"async\" width=\"440\" height=\"460\" src=\"https:\/\/trialis.be\/wp-content\/uploads\/2023\/11\/trialis-box-partenaires.jpg\" class=\"attachment-full size-full wp-image-1000\" alt=\"\" srcset=\"https:\/\/trialis.be\/wp-content\/uploads\/2023\/11\/trialis-box-partenaires.jpg 440w, https:\/\/trialis.be\/wp-content\/uploads\/2023\/11\/trialis-box-partenaires-287x300.jpg 287w\" sizes=\"(max-width: 440px) 100vw, 440px\" \/>\t\t\t<\/a>\r\n\t\t\t\t\t<\/div>\r\n\t\t\t\t<\/div>\n\t\t\t\t<\/div>\n\t\t\t\t<\/div>\n\t\t\t\t\t<\/div>\n\t\t\t\t<\/div>\n\t\t<div class=\"elementor-element elementor-element-4143070 e-flex e-con-boxed e-con e-parent\" data-id=\"4143070\" data-element_type=\"container\">\n\t\t\t\t\t<div class=\"e-con-inner\">\n\t\t\t\t<div class=\"elementor-element elementor-element-307493f elementor-widget elementor-widget-spacer\" data-id=\"307493f\" data-element_type=\"widget\" data-widget_type=\"spacer.default\">\n\t\t\t\t<div class=\"elementor-widget-container\">\n\t\t\t\t\t<div class=\"elementor-spacer\">\n\t\t\t<div class=\"elementor-spacer-inner\"><\/div>\n\t\t<\/div>\n\t\t\t\t<\/div>\n\t\t\t\t<\/div>\n\t\t\t\t<div class=\"elementor-element elementor-element-1f81c7e elementor-widget elementor-widget-heading\" data-id=\"1f81c7e\" data-element_type=\"widget\" data-widget_type=\"heading.default\">\n\t\t\t\t<div class=\"elementor-widget-container\">\n\t\t\t<h1 class=\"elementor-heading-title elementor-size-default\">A propos<\/h1>\t\t<\/div>\n\t\t\t\t<\/div>\n\t\t\t\t<div class=\"elementor-element elementor-element-a76c06f elementor-widget elementor-widget-text-editor\" data-id=\"a76c06f\" data-element_type=\"widget\" data-widget_type=\"text-editor.default\">\n\t\t\t\t<div class=\"elementor-widget-container\">\n\t\t\t\t\t\t\t<h2>TRIALIS Srl \u2013 Agence bancaire CRELAN et bureau de courtage<\/h2>\t\t\t\t\t\t<\/div>\n\t\t\t\t<\/div>\n\t\t\t\t<div class=\"elementor-element elementor-element-7a41cea elementor-widget elementor-widget-text-editor\" data-id=\"7a41cea\" data-element_type=\"widget\" data-widget_type=\"text-editor.default\">\n\t\t\t\t<div class=\"elementor-widget-container\">\n\t\t\t\t\t\t\t<strong>Assurances \u2013 placements \u2013 cr\u00e9dits \u2013 financements<\/strong>\t\t\t\t\t\t<\/div>\n\t\t\t\t<\/div>\n\t\t\t\t<div class=\"elementor-element elementor-element-0b8006c elementor-widget elementor-widget-text-editor\" data-id=\"0b8006c\" data-element_type=\"widget\" data-widget_type=\"text-editor.default\">\n\t\t\t\t<div class=\"elementor-widget-container\">\n\t\t\t\t\t\t\t<p>Depuis cette ann\u00e9e, les bureaux <strong>MARAITE &amp; LENTZ S.A.<\/strong> (St. Vith), <strong>VERSICHERUNGEN 2000 Scrl<\/strong> (Hepscheid) et l\u2019<strong>agence bancaire Crelan HACK Hermann <\/strong>se sont r\u00e9unis. Cette fusion a \u00e9t\u00e9 r\u00e9alis\u00e9e par la cr\u00e9ation d\u2019une nouvelle soci\u00e9t\u00e9 portant le nom de, <strong>TRIALIS Srl<\/strong>.<\/p><p>Les g\u00e9rants et fondateurs sont Mrs. HACK Hermann, JOHANNS Alex, JOHANNS Patrick et MARAITE Lothar.<\/p>\t\t\t\t\t\t<\/div>\n\t\t\t\t<\/div>\n\t\t\t\t<div class=\"elementor-element elementor-element-51015c0 elementor-widget-divider--view-line elementor-widget elementor-widget-divider\" data-id=\"51015c0\" data-element_type=\"widget\" data-widget_type=\"divider.default\">\n\t\t\t\t<div class=\"elementor-widget-container\">\n\t\t\t\t\t<div class=\"elementor-divider\">\n\t\t\t<span class=\"elementor-divider-separator\">\n\t\t\t\t\t\t<\/span>\n\t\t<\/div>\n\t\t\t\t<\/div>\n\t\t\t\t<\/div>\n\t\t\t\t<div class=\"elementor-element elementor-element-85b63e5 elementor-widget elementor-widget-text-editor\" data-id=\"85b63e5\" data-element_type=\"widget\" data-widget_type=\"text-editor.default\">\n\t\t\t\t<div class=\"elementor-widget-container\">\n\t\t\t\t\t\t\t<strong>Qu\u2019est ce qui change pour les clients ?<\/strong>\t\t\t\t\t\t<\/div>\n\t\t\t\t<\/div>\n\t\t\t\t<div class=\"elementor-element elementor-element-24df449 elementor-widget elementor-widget-text-editor\" data-id=\"24df449\" data-element_type=\"widget\" data-widget_type=\"text-editor.default\">\n\t\t\t\t<div class=\"elementor-widget-container\">\n\t\t\t\t\t\t\t<p>Par la fusion, la client\u00e8le profitera dor\u00e9navant d\u2019une offre plus \u00e9tendue. Trialis peut maintenant offrir des produits suppl\u00e9mentaires dans le secteur bancaire et de l\u2019assurance. Il y aura plus de courtiers professionnels et conseillers bancaires sous le m\u00eame toit. Ainsi chacun pourra se sp\u00e9cialiser dans un domaine sp\u00e9cifique pour encore am\u00e9liorer le service envers la client\u00e8le. Tous les interlocuteurs connus dans les agences de St. Vith et Hepscheid resteront \u00e0 l\u2019enti\u00e8re disposition des clients.<\/p>\t\t\t\t\t\t<\/div>\n\t\t\t\t<\/div>\n\t\t\t\t<div class=\"elementor-element elementor-element-b2dc60c elementor-widget-divider--view-line elementor-widget elementor-widget-divider\" data-id=\"b2dc60c\" data-element_type=\"widget\" data-widget_type=\"divider.default\">\n\t\t\t\t<div class=\"elementor-widget-container\">\n\t\t\t\t\t<div class=\"elementor-divider\">\n\t\t\t<span class=\"elementor-divider-separator\">\n\t\t\t\t\t\t<\/span>\n\t\t<\/div>\n\t\t\t\t<\/div>\n\t\t\t\t<\/div>\n\t\t\t\t<div class=\"elementor-element elementor-element-b22b3a4 elementor-widget elementor-widget-text-editor\" data-id=\"b22b3a4\" data-element_type=\"widget\" data-widget_type=\"text-editor.default\">\n\t\t\t\t<div class=\"elementor-widget-container\">\n\t\t\t\t\t\t\t<strong>R\u00e9ception des clients dans des locaux modernes, \u00e9quip\u00e9s de la technologie la plus r\u00e9cente<\/strong>\t\t\t\t\t\t<\/div>\n\t\t\t\t<\/div>\n\t\t\t\t<div class=\"elementor-element elementor-element-e81ba2b elementor-widget elementor-widget-text-editor\" data-id=\"e81ba2b\" data-element_type=\"widget\" data-widget_type=\"text-editor.default\">\n\t\t\t\t<div class=\"elementor-widget-container\">\n\t\t\t\t\t\t\t<p>Le si\u00e8ge principal se situe dans les locaux modernis\u00e9s de l\u2019ancienne agence Maraite &amp; Lentz S.A. dans la rue principale 81 \u00e0 4780 St. Vith.<\/p><p>Les clients bancaires de l\u2019agence Crelan profiteront dor\u00e9navant d\u2019un nouveau distributeur automatique de billets qui sera m\u00eame accessible en dehors des heures d\u2019ouverture habituelles. Le contact personnel avec les clients est une priorit\u00e9 de Trialis et restera bien entendu maintenu.<\/p><p>La g\u00e9rance de Trialis continuera \u00e0 faire valoir sa plus-value en tant que conseiller\u00a0 ind\u00e9pendant dans le secteur des assurances. Trialis va conseiller sa client\u00e8le de fa\u00e7on personnelle et discr\u00e8te.<\/p>\t\t\t\t\t\t<\/div>\n\t\t\t\t<\/div>\n\t\t\t\t<div class=\"elementor-element elementor-element-e1aa2e8 elementor-widget-divider--view-line elementor-widget elementor-widget-divider\" data-id=\"e1aa2e8\" data-element_type=\"widget\" data-widget_type=\"divider.default\">\n\t\t\t\t<div class=\"elementor-widget-container\">\n\t\t\t\t\t<div class=\"elementor-divider\">\n\t\t\t<span class=\"elementor-divider-separator\">\n\t\t\t\t\t\t<\/span>\n\t\t<\/div>\n\t\t\t\t<\/div>\n\t\t\t\t<\/div>\n\t\t\t\t<div class=\"elementor-element elementor-element-de82d5c elementor-widget elementor-widget-text-editor\" data-id=\"de82d5c\" data-element_type=\"widget\" data-widget_type=\"text-editor.default\">\n\t\t\t\t<div class=\"elementor-widget-container\">\n\t\t\t\t\t\t\t<strong>Facilement accessible<\/strong>\t\t\t\t\t\t<\/div>\n\t\t\t\t<\/div>\n\t\t\t\t<div class=\"elementor-element elementor-element-1874143 elementor-widget elementor-widget-text-editor\" data-id=\"1874143\" data-element_type=\"widget\" data-widget_type=\"text-editor.default\">\n\t\t\t\t<div class=\"elementor-widget-container\">\n\t\t\t\t\t\t\t<p>L\u2019agence de St. Vith dispose d\u2019un parking priv\u00e9 \u00e0 l\u2019arri\u00e8re du b\u00e2timent. Un parking ouvert au grand public en face du bureau facilite au maximum l\u2019acc\u00e8s.<\/p>\t\t\t\t\t\t<\/div>\n\t\t\t\t<\/div>\n\t\t\t\t<div class=\"elementor-element elementor-element-a826545 elementor-widget-divider--view-line elementor-widget elementor-widget-divider\" data-id=\"a826545\" data-element_type=\"widget\" data-widget_type=\"divider.default\">\n\t\t\t\t<div class=\"elementor-widget-container\">\n\t\t\t\t\t<div class=\"elementor-divider\">\n\t\t\t<span class=\"elementor-divider-separator\">\n\t\t\t\t\t\t<\/span>\n\t\t<\/div>\n\t\t\t\t<\/div>\n\t\t\t\t<\/div>\n\t\t\t\t<div class=\"elementor-element elementor-element-cca6035 elementor-widget elementor-widget-text-editor\" data-id=\"cca6035\" data-element_type=\"widget\" data-widget_type=\"text-editor.default\">\n\t\t\t\t<div class=\"elementor-widget-container\">\n\t\t\t\t\t\t\t<p><strong>Les points forts de Trialis<\/strong><\/p>\t\t\t\t\t\t<\/div>\n\t\t\t\t<\/div>\n\t\t\t\t<div class=\"elementor-element elementor-element-fbda89e elementor-widget elementor-widget-text-editor\" data-id=\"fbda89e\" data-element_type=\"widget\" data-widget_type=\"text-editor.default\">\n\t\t\t\t<div class=\"elementor-widget-container\">\n\t\t\t\t\t\t\t<ul><li><p><strong>Accessibilit\u00e9<\/strong>\u00a0: 3 bureaux pour un contact proche du client (St. Vith, Hepscheid)<\/p><\/li><li><p><strong>Comp\u00e9tence<\/strong>\u00a0: 13 collaborateurs dont 1 juriste et 7 courtiers d\u2019assurance<\/p><\/li><li><p><strong>Ind\u00e9pendance<\/strong>\u00a0: Trialis travaille avec plus de 40 compagnies d\u2019assurance<\/p><\/li><li><p><strong>Exp\u00e9rience professionnelle<\/strong>\u00a0: actif depuis plus de 30 ans<\/p><\/li><li><p><strong>Flexibilit\u00e9<\/strong>\u00a0: Rendez-vous chez les clients sur demande<\/p><\/li><li><p>\u2026 et Trialis assure des risques en Belgique et au Luxembourg<\/p><\/li><li>\u00a0<\/li><\/ul>\t\t\t\t\t\t<\/div>\n\t\t\t\t<\/div>\n\t\t\t\t<div class=\"elementor-element elementor-element-78d2f50 elementor-widget-divider--view-line elementor-widget elementor-widget-divider\" data-id=\"78d2f50\" data-element_type=\"widget\" data-widget_type=\"divider.default\">\n\t\t\t\t<div class=\"elementor-widget-container\">\n\t\t\t\t\t<div class=\"elementor-divider\">\n\t\t\t<span class=\"elementor-divider-separator\">\n\t\t\t\t\t\t<\/span>\n\t\t<\/div>\n\t\t\t\t<\/div>\n\t\t\t\t<\/div>\n\t\t\t\t<div class=\"elementor-element elementor-element-4e8c902 elementor-widget elementor-widget-text-editor\" data-id=\"4e8c902\" data-element_type=\"widget\" data-widget_type=\"text-editor.default\">\n\t\t\t\t<div class=\"elementor-widget-container\">\n\t\t\t\t\t\t\t<p><strong>Contact<\/strong><\/p>\t\t\t\t\t\t<\/div>\n\t\t\t\t<\/div>\n\t\t\t\t<div class=\"elementor-element elementor-element-121cbc0 elementor-widget elementor-widget-text-editor\" data-id=\"121cbc0\" data-element_type=\"widget\" data-widget_type=\"text-editor.default\">\n\t\t\t\t<div class=\"elementor-widget-container\">\n\t\t\t\t\t\t\t<p>Hauptstra\u00dfe 81, 4780 ST. VITH, Tel: 080\/440 140<\/p><p><a href=\"mailto:info@trialis.be\">info@trialis.be<\/a> \u2013 <a href=\"https:\/\/trialis.be\/\">www.trialis.be<\/a> \u00a0<\/p><p>\u00a0<\/p><p>TRIALIS GmbH, FSMA 114936A-cB, BE0643444649, HRE Eupen.<\/p>\t\t\t\t\t\t<\/div>\n\t\t\t\t<\/div>\n\t\t\t\t\t<\/div>\n\t\t\t\t<\/div>\n\t\t\t\t<\/div>\n\t\t","protected":false},"excerpt":{"rendered":"<p>A propos TRIALIS Srl \u2013 Agence bancaire CRELAN et bureau de courtage Assurances \u2013 placements \u2013 cr\u00e9dits \u2013 financements Depuis cette ann\u00e9e, les bureaux MARAITE &amp; LENTZ S.A. (St. Vith), VERSICHERUNGEN 2000 Scrl (Hepscheid) et l\u2019agence bancaire Crelan HACK Hermann se sont r\u00e9unis. Cette fusion a \u00e9t\u00e9 r\u00e9alis\u00e9e par la cr\u00e9ation d\u2019une nouvelle soci\u00e9t\u00e9 portant [&hellip;]<\/p>\n","protected":false},"author":1,"featured_media":0,"parent":0,"menu_order":0,"comment_status":"closed","ping_status":"closed","template":"","meta":{"_acf_changed":false,"om_disable_all_campaigns":false,"_monsterinsights_skip_tracking":false,"_monsterinsights_sitenote_active":false,"_monsterinsights_sitenote_note":"","_monsterinsights_sitenote_category":0,"footnotes":""},"class_list":["post-1020","page","type-page","status-publish","hentry"],"acf":[],"aioseo_notices":[],"_links":{"self":[{"href":"https:\/\/trialis.be\/fr\/wp-json\/wp\/v2\/pages\/1020","targetHints":{"allow":["GET"]}}],"collection":[{"href":"https:\/\/trialis.be\/fr\/wp-json\/wp\/v2\/pages"}],"about":[{"href":"https:\/\/trialis.be\/fr\/wp-json\/wp\/v2\/types\/page"}],"author":[{"embeddable":true,"href":"https:\/\/trialis.be\/fr\/wp-json\/wp\/v2\/users\/1"}],"replies":[{"embeddable":true,"href":"https:\/\/trialis.be\/fr\/wp-json\/wp\/v2\/comments?post=1020"}],"version-history":[{"count":11,"href":"https:\/\/trialis.be\/fr\/wp-json\/wp\/v2\/pages\/1020\/revisions"}],"predecessor-version":[{"id":1318,"href":"https:\/\/trialis.be\/fr\/wp-json\/wp\/v2\/pages\/1020\/revisions\/1318"}],"wp:attachment":[{"href":"https:\/\/trialis.be\/fr\/wp-json\/wp\/v2\/media?parent=1020"}],"curies":[{"name":"wp","href":"https:\/\/api.w.org\/{rel}","templated":true}]}}