{"id":1012,"date":"2023-11-07T08:51:01","date_gmt":"2023-11-07T08:51:01","guid":{"rendered":"https:\/\/johanns.be\/?page_id=1012"},"modified":"2023-11-10T07:47:40","modified_gmt":"2023-11-10T07:47:40","slug":"changement-vers-trialis","status":"publish","type":"page","link":"https:\/\/trialis.be\/fr\/changement-vers-trialis\/","title":{"rendered":"Changement vers Trialis"},"content":{"rendered":"\t\t<div data-elementor-type=\"wp-page\" data-elementor-id=\"1012\" class=\"elementor elementor-1012 elementor-113\">\n\t\t\t\t<div class=\"elementor-element elementor-element-5c3cb8ab elementor-hidden-mobile e-flex e-con-boxed e-con e-parent\" data-id=\"5c3cb8ab\" data-element_type=\"container\">\n\t\t\t\t\t<div class=\"e-con-inner\">\n\t\t\t\t<div class=\"elementor-element elementor-element-28d8a609 elementor-pagination-position-inside elementor-arrows-position-inside elementor-widget elementor-widget-image-carousel\" data-id=\"28d8a609\" data-element_type=\"widget\" data-settings=\"{&quot;slides_to_show&quot;:&quot;1&quot;,&quot;navigation&quot;:&quot;both&quot;,&quot;autoplay&quot;:&quot;yes&quot;,&quot;pause_on_hover&quot;:&quot;yes&quot;,&quot;pause_on_interaction&quot;:&quot;yes&quot;,&quot;autoplay_speed&quot;:5000,&quot;infinite&quot;:&quot;yes&quot;,&quot;effect&quot;:&quot;slide&quot;,&quot;speed&quot;:500}\" data-widget_type=\"image-carousel.default\">\n\t\t\t\t<div class=\"elementor-widget-container\">\n\t\t\t\t\t<div class=\"elementor-image-carousel-wrapper swiper\" dir=\"ltr\">\n\t\t\t<div class=\"elementor-image-carousel swiper-wrapper swiper-image-stretch\" aria-live=\"off\">\n\t\t\t\t\t\t\t\t<div class=\"swiper-slide\" role=\"group\" aria-roledescription=\"slide\" aria-label=\"1 sur 2\"><figure class=\"swiper-slide-inner\"><img decoding=\"async\" class=\"swiper-slide-image\" src=\"https:\/\/trialis.be\/wp-content\/uploads\/2023\/11\/header_fusion_fr.jpg\" alt=\"header_fusion_fr\" \/><\/figure><\/div><div class=\"swiper-slide\" role=\"group\" aria-roledescription=\"slide\" aria-label=\"2 sur 2\"><figure class=\"swiper-slide-inner\"><img decoding=\"async\" class=\"swiper-slide-image\" src=\"https:\/\/trialis.be\/wp-content\/uploads\/2023\/11\/header_starker-partner_fr.jpg\" alt=\"header_starker-partner_fr\" \/><\/figure><\/div>\t\t\t<\/div>\n\t\t\t\t\t\t\t\t\t\t\t\t<div class=\"elementor-swiper-button elementor-swiper-button-prev\" role=\"button\" tabindex=\"0\">\n\t\t\t\t\t\t<svg aria-hidden=\"true\" class=\"e-font-icon-svg e-eicon-chevron-left\" viewBox=\"0 0 1000 1000\" xmlns=\"http:\/\/www.w3.org\/2000\/svg\"><path d=\"M646 125C629 125 613 133 604 142L308 442C296 454 292 471 292 487 292 504 296 521 308 533L604 854C617 867 629 875 646 875 663 875 679 871 692 858 704 846 713 829 713 812 713 796 708 779 692 767L438 487 692 225C700 217 708 204 708 187 708 171 704 154 692 142 675 129 663 125 646 125Z\"><\/path><\/svg>\t\t\t\t\t<\/div>\n\t\t\t\t\t<div class=\"elementor-swiper-button elementor-swiper-button-next\" role=\"button\" tabindex=\"0\">\n\t\t\t\t\t\t<svg aria-hidden=\"true\" class=\"e-font-icon-svg e-eicon-chevron-right\" viewBox=\"0 0 1000 1000\" xmlns=\"http:\/\/www.w3.org\/2000\/svg\"><path d=\"M696 533C708 521 713 504 713 487 713 471 708 454 696 446L400 146C388 133 375 125 354 125 338 125 325 129 313 142 300 154 292 171 292 187 292 204 296 221 308 233L563 492 304 771C292 783 288 800 288 817 288 833 296 850 308 863 321 871 338 875 354 875 371 875 388 867 400 854L696 533Z\"><\/path><\/svg>\t\t\t\t\t<\/div>\n\t\t\t\t\n\t\t\t\t\t\t\t\t\t<div class=\"swiper-pagination\"><\/div>\n\t\t\t\t\t\t\t\t\t<\/div>\n\t\t\t\t<\/div>\n\t\t\t\t<\/div>\n\t\t\t\t<div class=\"elementor-element elementor-element-7fc234e7 elementor-widget elementor-widget-spacer\" data-id=\"7fc234e7\" data-element_type=\"widget\" data-widget_type=\"spacer.default\">\n\t\t\t\t<div class=\"elementor-widget-container\">\n\t\t\t\t\t<div class=\"elementor-spacer\">\n\t\t\t<div class=\"elementor-spacer-inner\"><\/div>\n\t\t<\/div>\n\t\t\t\t<\/div>\n\t\t\t\t<\/div>\n\t\t\t\t\t<\/div>\n\t\t\t\t<\/div>\n\t\t<div class=\"elementor-element elementor-element-28245635 elementor-hidden-mobile e-flex e-con-boxed e-con e-parent\" data-id=\"28245635\" data-element_type=\"container\">\n\t\t\t\t\t<div class=\"e-con-inner\">\n\t\t<div class=\"elementor-element elementor-element-226f2e4 e-con-full e-flex e-con e-child\" data-id=\"226f2e4\" data-element_type=\"container\">\n\t\t\t\t<div class=\"elementor-element elementor-element-1ef1faf4 elementor-widget elementor-widget-raven-image\" data-id=\"1ef1faf4\" data-element_type=\"widget\" data-widget_type=\"raven-image.default\">\n\t\t\t\t<div class=\"elementor-widget-container\">\n\t\t\t\t\t<div class=\"raven-image raven-switch-image\">\r\n\t\t\r\n\t\t\t\t\t\t<a href=\"https:\/\/trialis.be\/fr\/changement-vers-trialis\/\" class=\"elementor-clickable\" data-elementor-open-lightbox=\"\">\r\n\t\t\r\n\t\t<img fetchpriority=\"high\" decoding=\"async\" width=\"440\" height=\"460\" src=\"https:\/\/trialis.be\/wp-content\/uploads\/2023\/11\/trialis-box-changement-hover.jpg\" class=\"attachment-full size-full wp-image-990\" alt=\"\" srcset=\"https:\/\/trialis.be\/wp-content\/uploads\/2023\/11\/trialis-box-changement-hover.jpg 440w, https:\/\/trialis.be\/wp-content\/uploads\/2023\/11\/trialis-box-changement-hover-287x300.jpg 287w\" sizes=\"(max-width: 440px) 100vw, 440px\" \/><img decoding=\"async\" width=\"440\" height=\"460\" src=\"https:\/\/trialis.be\/wp-content\/uploads\/2023\/11\/trialis-box-changement.jpg\" class=\"attachment-full size-full wp-image-988\" alt=\"\" srcset=\"https:\/\/trialis.be\/wp-content\/uploads\/2023\/11\/trialis-box-changement.jpg 440w, https:\/\/trialis.be\/wp-content\/uploads\/2023\/11\/trialis-box-changement-287x300.jpg 287w\" sizes=\"(max-width: 440px) 100vw, 440px\" \/>\t\t\t<\/a>\r\n\t\t\t\t\t<\/div>\r\n\t\t\t\t<\/div>\n\t\t\t\t<\/div>\n\t\t\t\t<\/div>\n\t\t<div class=\"elementor-element elementor-element-4a18e9c8 e-con-full e-flex e-con e-child\" data-id=\"4a18e9c8\" data-element_type=\"container\">\n\t\t\t\t<div class=\"elementor-element elementor-element-4cb65b0d elementor-widget elementor-widget-raven-image\" data-id=\"4cb65b0d\" data-element_type=\"widget\" data-widget_type=\"raven-image.default\">\n\t\t\t\t<div class=\"elementor-widget-container\">\n\t\t\t\t\t<div class=\"raven-image raven-switch-image\">\r\n\t\t\r\n\t\t\t\t\t\t<a href=\"https:\/\/trialis.be\/fr\/tarification-auto\/\" class=\"elementor-clickable\" data-elementor-open-lightbox=\"\">\r\n\t\t\r\n\t\t<img decoding=\"async\" width=\"440\" height=\"460\" src=\"https:\/\/trialis.be\/wp-content\/uploads\/2023\/11\/trialis-box-tarification-hover.jpg\" class=\"attachment-full size-full wp-image-994\" alt=\"\" srcset=\"https:\/\/trialis.be\/wp-content\/uploads\/2023\/11\/trialis-box-tarification-hover.jpg 440w, https:\/\/trialis.be\/wp-content\/uploads\/2023\/11\/trialis-box-tarification-hover-287x300.jpg 287w\" sizes=\"(max-width: 440px) 100vw, 440px\" \/><img loading=\"lazy\" decoding=\"async\" width=\"440\" height=\"460\" src=\"https:\/\/trialis.be\/wp-content\/uploads\/2023\/11\/trialis-box-tarification.jpg\" class=\"attachment-full size-full wp-image-992\" alt=\"\" srcset=\"https:\/\/trialis.be\/wp-content\/uploads\/2023\/11\/trialis-box-tarification.jpg 440w, https:\/\/trialis.be\/wp-content\/uploads\/2023\/11\/trialis-box-tarification-287x300.jpg 287w\" sizes=\"(max-width: 440px) 100vw, 440px\" \/>\t\t\t<\/a>\r\n\t\t\t\t\t<\/div>\r\n\t\t\t\t<\/div>\n\t\t\t\t<\/div>\n\t\t\t\t<\/div>\n\t\t<div class=\"elementor-element elementor-element-727e7c60 e-con-full e-flex e-con e-child\" data-id=\"727e7c60\" data-element_type=\"container\">\n\t\t\t\t<div class=\"elementor-element elementor-element-74a21c29 elementor-widget elementor-widget-raven-image\" data-id=\"74a21c29\" data-element_type=\"widget\" data-widget_type=\"raven-image.default\">\n\t\t\t\t<div class=\"elementor-widget-container\">\n\t\t\t\t\t<div class=\"raven-image raven-switch-image\">\r\n\t\t\r\n\t\t\t\t\t\t<a href=\"https:\/\/trialis.be\/fr\/service-sinistre\/\" class=\"elementor-clickable\" data-elementor-open-lightbox=\"\">\r\n\t\t\r\n\t\t<img loading=\"lazy\" decoding=\"async\" width=\"440\" height=\"460\" src=\"https:\/\/trialis.be\/wp-content\/uploads\/2023\/11\/trialis-box-service-hover.jpg\" class=\"attachment-full size-full wp-image-998\" alt=\"\" srcset=\"https:\/\/trialis.be\/wp-content\/uploads\/2023\/11\/trialis-box-service-hover.jpg 440w, https:\/\/trialis.be\/wp-content\/uploads\/2023\/11\/trialis-box-service-hover-287x300.jpg 287w\" sizes=\"(max-width: 440px) 100vw, 440px\" \/><img loading=\"lazy\" decoding=\"async\" width=\"440\" height=\"460\" src=\"https:\/\/trialis.be\/wp-content\/uploads\/2023\/11\/trialis-box-service.jpg\" class=\"attachment-full size-full wp-image-996\" alt=\"\" srcset=\"https:\/\/trialis.be\/wp-content\/uploads\/2023\/11\/trialis-box-service.jpg 440w, https:\/\/trialis.be\/wp-content\/uploads\/2023\/11\/trialis-box-service-287x300.jpg 287w\" sizes=\"(max-width: 440px) 100vw, 440px\" \/>\t\t\t<\/a>\r\n\t\t\t\t\t<\/div>\r\n\t\t\t\t<\/div>\n\t\t\t\t<\/div>\n\t\t\t\t<\/div>\n\t\t<div class=\"elementor-element elementor-element-3ddde7be e-con-full e-flex e-con e-child\" data-id=\"3ddde7be\" data-element_type=\"container\">\n\t\t\t\t<div class=\"elementor-element elementor-element-19148d5 elementor-widget elementor-widget-raven-image\" data-id=\"19148d5\" data-element_type=\"widget\" data-widget_type=\"raven-image.default\">\n\t\t\t\t<div class=\"elementor-widget-container\">\n\t\t\t\t\t<div class=\"raven-image raven-switch-image\">\r\n\t\t\r\n\t\t\t\t\t\t<a href=\"https:\/\/trialis.be\/fr\/partenaires-dassurance\/\" class=\"elementor-clickable\" data-elementor-open-lightbox=\"\">\r\n\t\t\r\n\t\t<img loading=\"lazy\" decoding=\"async\" width=\"440\" height=\"460\" src=\"https:\/\/trialis.be\/wp-content\/uploads\/2023\/11\/trialis-box-partenaires-hover.jpg\" class=\"attachment-full size-full wp-image-1002\" alt=\"\" srcset=\"https:\/\/trialis.be\/wp-content\/uploads\/2023\/11\/trialis-box-partenaires-hover.jpg 440w, https:\/\/trialis.be\/wp-content\/uploads\/2023\/11\/trialis-box-partenaires-hover-287x300.jpg 287w\" sizes=\"(max-width: 440px) 100vw, 440px\" \/><img loading=\"lazy\" decoding=\"async\" width=\"440\" height=\"460\" src=\"https:\/\/trialis.be\/wp-content\/uploads\/2023\/11\/trialis-box-partenaires.jpg\" class=\"attachment-full size-full wp-image-1000\" alt=\"\" srcset=\"https:\/\/trialis.be\/wp-content\/uploads\/2023\/11\/trialis-box-partenaires.jpg 440w, https:\/\/trialis.be\/wp-content\/uploads\/2023\/11\/trialis-box-partenaires-287x300.jpg 287w\" sizes=\"(max-width: 440px) 100vw, 440px\" \/>\t\t\t<\/a>\r\n\t\t\t\t\t<\/div>\r\n\t\t\t\t<\/div>\n\t\t\t\t<\/div>\n\t\t\t\t<\/div>\n\t\t\t\t\t<\/div>\n\t\t\t\t<\/div>\n\t\t<div class=\"elementor-element elementor-element-2ef62e8a elementor-hidden-desktop elementor-hidden-tablet e-flex e-con-boxed e-con e-parent\" data-id=\"2ef62e8a\" data-element_type=\"container\">\n\t\t\t\t\t<div class=\"e-con-inner\">\n\t\t<div class=\"elementor-element elementor-element-7595e1aa e-con-full e-flex e-con e-child\" data-id=\"7595e1aa\" data-element_type=\"container\">\n\t\t\t\t<div class=\"elementor-element elementor-element-711a73ff elementor-widget elementor-widget-raven-image\" data-id=\"711a73ff\" data-element_type=\"widget\" data-widget_type=\"raven-image.default\">\n\t\t\t\t<div class=\"elementor-widget-container\">\n\t\t\t\t\t<div class=\"raven-image raven-switch-image\">\r\n\t\t\r\n\t\t\t\t\t\t<a href=\"https:\/\/trialis.be\/fr\/changement-vers-trialis\/\" class=\"elementor-clickable\" data-elementor-open-lightbox=\"\">\r\n\t\t\r\n\t\t<img fetchpriority=\"high\" decoding=\"async\" width=\"440\" height=\"460\" src=\"https:\/\/trialis.be\/wp-content\/uploads\/2023\/11\/trialis-box-changement-hover.jpg\" class=\"attachment-full size-full wp-image-990\" alt=\"\" srcset=\"https:\/\/trialis.be\/wp-content\/uploads\/2023\/11\/trialis-box-changement-hover.jpg 440w, https:\/\/trialis.be\/wp-content\/uploads\/2023\/11\/trialis-box-changement-hover-287x300.jpg 287w\" sizes=\"(max-width: 440px) 100vw, 440px\" \/><img decoding=\"async\" width=\"440\" height=\"460\" src=\"https:\/\/trialis.be\/wp-content\/uploads\/2023\/11\/trialis-box-changement.jpg\" class=\"attachment-full size-full wp-image-988\" alt=\"\" srcset=\"https:\/\/trialis.be\/wp-content\/uploads\/2023\/11\/trialis-box-changement.jpg 440w, https:\/\/trialis.be\/wp-content\/uploads\/2023\/11\/trialis-box-changement-287x300.jpg 287w\" sizes=\"(max-width: 440px) 100vw, 440px\" \/>\t\t\t<\/a>\r\n\t\t\t\t\t<\/div>\r\n\t\t\t\t<\/div>\n\t\t\t\t<\/div>\n\t\t\t\t<\/div>\n\t\t<div class=\"elementor-element elementor-element-6dbbd1f7 e-con-full e-flex e-con e-child\" data-id=\"6dbbd1f7\" data-element_type=\"container\">\n\t\t\t\t<div class=\"elementor-element elementor-element-34d79c6c elementor-widget elementor-widget-raven-image\" data-id=\"34d79c6c\" data-element_type=\"widget\" data-widget_type=\"raven-image.default\">\n\t\t\t\t<div class=\"elementor-widget-container\">\n\t\t\t\t\t<div class=\"raven-image raven-switch-image\">\r\n\t\t\r\n\t\t\t\t\t\t<a href=\"https:\/\/trialis.be\/fr\/tarification-auto\/\" class=\"elementor-clickable\" data-elementor-open-lightbox=\"\">\r\n\t\t\r\n\t\t<img decoding=\"async\" width=\"440\" height=\"460\" src=\"https:\/\/trialis.be\/wp-content\/uploads\/2023\/11\/trialis-box-tarification-hover.jpg\" class=\"attachment-full size-full wp-image-994\" alt=\"\" srcset=\"https:\/\/trialis.be\/wp-content\/uploads\/2023\/11\/trialis-box-tarification-hover.jpg 440w, https:\/\/trialis.be\/wp-content\/uploads\/2023\/11\/trialis-box-tarification-hover-287x300.jpg 287w\" sizes=\"(max-width: 440px) 100vw, 440px\" \/><img loading=\"lazy\" decoding=\"async\" width=\"440\" height=\"460\" src=\"https:\/\/trialis.be\/wp-content\/uploads\/2023\/11\/trialis-box-tarification.jpg\" class=\"attachment-full size-full wp-image-992\" alt=\"\" srcset=\"https:\/\/trialis.be\/wp-content\/uploads\/2023\/11\/trialis-box-tarification.jpg 440w, https:\/\/trialis.be\/wp-content\/uploads\/2023\/11\/trialis-box-tarification-287x300.jpg 287w\" sizes=\"(max-width: 440px) 100vw, 440px\" \/>\t\t\t<\/a>\r\n\t\t\t\t\t<\/div>\r\n\t\t\t\t<\/div>\n\t\t\t\t<\/div>\n\t\t\t\t<\/div>\n\t\t\t\t\t<\/div>\n\t\t\t\t<\/div>\n\t\t<div class=\"elementor-element elementor-element-26d58c72 elementor-hidden-desktop elementor-hidden-tablet e-flex e-con-boxed e-con e-parent\" data-id=\"26d58c72\" data-element_type=\"container\">\n\t\t\t\t\t<div class=\"e-con-inner\">\n\t\t<div class=\"elementor-element elementor-element-332438f e-con-full e-flex e-con e-child\" data-id=\"332438f\" data-element_type=\"container\">\n\t\t\t\t<div class=\"elementor-element elementor-element-b226a27 elementor-widget elementor-widget-raven-image\" data-id=\"b226a27\" data-element_type=\"widget\" data-widget_type=\"raven-image.default\">\n\t\t\t\t<div class=\"elementor-widget-container\">\n\t\t\t\t\t<div class=\"raven-image raven-switch-image\">\r\n\t\t\r\n\t\t\t\t\t\t<a href=\"https:\/\/trialis.be\/fr\/service-sinistre\/\" class=\"elementor-clickable\" data-elementor-open-lightbox=\"\">\r\n\t\t\r\n\t\t<img loading=\"lazy\" decoding=\"async\" width=\"440\" height=\"460\" src=\"https:\/\/trialis.be\/wp-content\/uploads\/2023\/11\/trialis-box-service-hover.jpg\" class=\"attachment-full size-full wp-image-998\" alt=\"\" srcset=\"https:\/\/trialis.be\/wp-content\/uploads\/2023\/11\/trialis-box-service-hover.jpg 440w, https:\/\/trialis.be\/wp-content\/uploads\/2023\/11\/trialis-box-service-hover-287x300.jpg 287w\" sizes=\"(max-width: 440px) 100vw, 440px\" \/><img loading=\"lazy\" decoding=\"async\" width=\"440\" height=\"460\" src=\"https:\/\/trialis.be\/wp-content\/uploads\/2023\/11\/trialis-box-service.jpg\" class=\"attachment-full size-full wp-image-996\" alt=\"\" srcset=\"https:\/\/trialis.be\/wp-content\/uploads\/2023\/11\/trialis-box-service.jpg 440w, https:\/\/trialis.be\/wp-content\/uploads\/2023\/11\/trialis-box-service-287x300.jpg 287w\" sizes=\"(max-width: 440px) 100vw, 440px\" \/>\t\t\t<\/a>\r\n\t\t\t\t\t<\/div>\r\n\t\t\t\t<\/div>\n\t\t\t\t<\/div>\n\t\t\t\t<\/div>\n\t\t<div class=\"elementor-element elementor-element-54ce36da e-con-full e-flex e-con e-child\" data-id=\"54ce36da\" data-element_type=\"container\">\n\t\t\t\t<div class=\"elementor-element elementor-element-7f7cc64 elementor-widget elementor-widget-raven-image\" data-id=\"7f7cc64\" data-element_type=\"widget\" data-widget_type=\"raven-image.default\">\n\t\t\t\t<div class=\"elementor-widget-container\">\n\t\t\t\t\t<div class=\"raven-image raven-switch-image\">\r\n\t\t\r\n\t\t\t\t\t\t<a href=\"https:\/\/trialis.be\/fr\/partenaires-dassurance\/\" class=\"elementor-clickable\" data-elementor-open-lightbox=\"\">\r\n\t\t\r\n\t\t<img loading=\"lazy\" decoding=\"async\" width=\"440\" height=\"460\" src=\"https:\/\/trialis.be\/wp-content\/uploads\/2023\/11\/trialis-box-partenaires-hover.jpg\" class=\"attachment-full size-full wp-image-1002\" alt=\"\" srcset=\"https:\/\/trialis.be\/wp-content\/uploads\/2023\/11\/trialis-box-partenaires-hover.jpg 440w, https:\/\/trialis.be\/wp-content\/uploads\/2023\/11\/trialis-box-partenaires-hover-287x300.jpg 287w\" sizes=\"(max-width: 440px) 100vw, 440px\" \/><img loading=\"lazy\" decoding=\"async\" width=\"440\" height=\"460\" src=\"https:\/\/trialis.be\/wp-content\/uploads\/2023\/11\/trialis-box-partenaires.jpg\" class=\"attachment-full size-full wp-image-1000\" alt=\"\" srcset=\"https:\/\/trialis.be\/wp-content\/uploads\/2023\/11\/trialis-box-partenaires.jpg 440w, https:\/\/trialis.be\/wp-content\/uploads\/2023\/11\/trialis-box-partenaires-287x300.jpg 287w\" sizes=\"(max-width: 440px) 100vw, 440px\" \/>\t\t\t<\/a>\r\n\t\t\t\t\t<\/div>\r\n\t\t\t\t<\/div>\n\t\t\t\t<\/div>\n\t\t\t\t<\/div>\n\t\t\t\t\t<\/div>\n\t\t\t\t<\/div>\n\t\t<div class=\"elementor-element elementor-element-4143070 e-flex e-con-boxed e-con e-parent\" data-id=\"4143070\" data-element_type=\"container\">\n\t\t\t\t\t<div class=\"e-con-inner\">\n\t\t\t\t<div class=\"elementor-element elementor-element-307493f elementor-widget elementor-widget-spacer\" data-id=\"307493f\" data-element_type=\"widget\" data-widget_type=\"spacer.default\">\n\t\t\t\t<div class=\"elementor-widget-container\">\n\t\t\t\t\t<div class=\"elementor-spacer\">\n\t\t\t<div class=\"elementor-spacer-inner\"><\/div>\n\t\t<\/div>\n\t\t\t\t<\/div>\n\t\t\t\t<\/div>\n\t\t\t\t<div class=\"elementor-element elementor-element-1f81c7e elementor-widget elementor-widget-heading\" data-id=\"1f81c7e\" data-element_type=\"widget\" data-widget_type=\"heading.default\">\n\t\t\t\t<div class=\"elementor-widget-container\">\n\t\t\t<h1 class=\"elementor-heading-title elementor-size-default\">\nChanger vers Trialis<\/h1>\t\t<\/div>\n\t\t\t\t<\/div>\n\t\t\t\t<div class=\"elementor-element elementor-element-a76c06f elementor-widget elementor-widget-text-editor\" data-id=\"a76c06f\" data-element_type=\"widget\" data-widget_type=\"text-editor.default\">\n\t\t\t\t<div class=\"elementor-widget-container\">\n\t\t\t\t\t\t\t<h2><span style=\"color: #0069b4;\">Nous offrons des conseils honn\u00eates, personnels et sans engagement<\/span><\/h2>\t\t\t\t\t\t<\/div>\n\t\t\t\t<\/div>\n\t\t\t\t<div class=\"elementor-element elementor-element-0b8006c elementor-widget elementor-widget-text-editor\" data-id=\"0b8006c\" data-element_type=\"widget\" data-widget_type=\"text-editor.default\">\n\t\t\t\t<div class=\"elementor-widget-container\">\n\t\t\t\t\t\t\t<p>Nous nous chargeons de toutes les formalit\u00e9es en cas de changement d&rsquo;assurance. Ainsi nous nous occupons de toutes les modalit\u00e9s et r\u00e9silions le contrat en cours sans que vous devriez retourner chez votre agent ou courtier actuel.<\/p>\t\t\t\t\t\t<\/div>\n\t\t\t\t<\/div>\n\t\t\t\t<div class=\"elementor-element elementor-element-2c8d346 elementor-widget elementor-widget-spacer\" data-id=\"2c8d346\" data-element_type=\"widget\" data-widget_type=\"spacer.default\">\n\t\t\t\t<div class=\"elementor-widget-container\">\n\t\t\t\t\t<div class=\"elementor-spacer\">\n\t\t\t<div class=\"elementor-spacer-inner\"><\/div>\n\t\t<\/div>\n\t\t\t\t<\/div>\n\t\t\t\t<\/div>\n\t\t\t\t\t<\/div>\n\t\t\t\t<\/div>\n\t\t<div class=\"elementor-element elementor-element-d6f3a2e e-flex e-con-boxed e-con e-parent\" data-id=\"d6f3a2e\" data-element_type=\"container\">\n\t\t\t\t\t<div class=\"e-con-inner\">\n\t\t\t\t<div class=\"elementor-element elementor-element-d5614cb elementor-widget elementor-widget-text-editor\" data-id=\"d5614cb\" data-element_type=\"widget\" data-widget_type=\"text-editor.default\">\n\t\t\t\t<div class=\"elementor-widget-container\">\n\t\t\t\t\t\t\t<h2><span style=\"color: #0069b4;\">Notre ambition: vous offrir le meilleur rapport prix-qualit\u00e9<\/span><\/h2>\t\t\t\t\t\t<\/div>\n\t\t\t\t<\/div>\n\t\t\t\t<div class=\"elementor-element elementor-element-a4308e5 elementor-widget elementor-widget-text-editor\" data-id=\"a4308e5\" data-element_type=\"widget\" data-widget_type=\"text-editor.default\">\n\t\t\t\t<div class=\"elementor-widget-container\">\n\t\t\t\t\t\t\t<p>Suite \u00e0 l&rsquo;exp\u00e9rience de nos diff\u00e9rentes agences, vous profiterez dor\u00e9navant encore plus des meilleurs tarifs que nous avons pu n\u00e9gocier avec nos compagnies partenaires.<\/p>\t\t\t\t\t\t<\/div>\n\t\t\t\t<\/div>\n\t\t\t\t<div class=\"elementor-element elementor-element-11d05be elementor-widget elementor-widget-spacer\" data-id=\"11d05be\" data-element_type=\"widget\" data-widget_type=\"spacer.default\">\n\t\t\t\t<div class=\"elementor-widget-container\">\n\t\t\t\t\t<div class=\"elementor-spacer\">\n\t\t\t<div class=\"elementor-spacer-inner\"><\/div>\n\t\t<\/div>\n\t\t\t\t<\/div>\n\t\t\t\t<\/div>\n\t\t\t\t\t<\/div>\n\t\t\t\t<\/div>\n\t\t<div class=\"elementor-element elementor-element-670fc52 e-flex e-con-boxed e-con e-parent\" data-id=\"670fc52\" data-element_type=\"container\">\n\t\t\t\t\t<div class=\"e-con-inner\">\n\t\t\t\t<div class=\"elementor-element elementor-element-1a3d98d elementor-widget elementor-widget-text-editor\" data-id=\"1a3d98d\" data-element_type=\"widget\" data-widget_type=\"text-editor.default\">\n\t\t\t\t<div class=\"elementor-widget-container\">\n\t\t\t\t\t\t\t<h2>Nous sommes l\u00e0!<\/h2>\t\t\t\t\t\t<\/div>\n\t\t\t\t<\/div>\n\t\t\t\t<div class=\"elementor-element elementor-element-263e509 elementor-widget elementor-widget-text-editor\" data-id=\"263e509\" data-element_type=\"widget\" data-widget_type=\"text-editor.default\">\n\t\t\t\t<div class=\"elementor-widget-container\">\n\t\t\t\t\t\t\t<p>Nous vous garantissons une assistance sinistre 24 heures sur 24. Nous nous r\u00e9juissons de vous faire parvenir une offre gratuite et sans engagement.<\/p><p><a title=\"Contact\" href=\"https:\/\/trialis.be\/fr\/contact\/\">Contactez-nous<\/a> encore aujourd&rsquo;hui!<\/p>\t\t\t\t\t\t<\/div>\n\t\t\t\t<\/div>\n\t\t\t\t\t<\/div>\n\t\t\t\t<\/div>\n\t\t\t\t<\/div>\n\t\t","protected":false},"excerpt":{"rendered":"<p>Changer vers Trialis Nous offrons des conseils honn\u00eates, personnels et sans engagement Nous nous chargeons de toutes les formalit\u00e9es en cas de changement d&rsquo;assurance. Ainsi nous nous occupons de toutes les modalit\u00e9s et r\u00e9silions le contrat en cours sans que vous devriez retourner chez votre agent ou courtier actuel. Notre ambition: vous offrir le meilleur [&hellip;]<\/p>\n","protected":false},"author":1,"featured_media":0,"parent":0,"menu_order":0,"comment_status":"closed","ping_status":"closed","template":"","meta":{"_acf_changed":false,"om_disable_all_campaigns":false,"_monsterinsights_skip_tracking":false,"_monsterinsights_sitenote_active":false,"_monsterinsights_sitenote_note":"","_monsterinsights_sitenote_category":0,"footnotes":""},"class_list":["post-1012","page","type-page","status-publish","hentry"],"acf":[],"aioseo_notices":[],"_links":{"self":[{"href":"https:\/\/trialis.be\/fr\/wp-json\/wp\/v2\/pages\/1012","targetHints":{"allow":["GET"]}}],"collection":[{"href":"https:\/\/trialis.be\/fr\/wp-json\/wp\/v2\/pages"}],"about":[{"href":"https:\/\/trialis.be\/fr\/wp-json\/wp\/v2\/types\/page"}],"author":[{"embeddable":true,"href":"https:\/\/trialis.be\/fr\/wp-json\/wp\/v2\/users\/1"}],"replies":[{"embeddable":true,"href":"https:\/\/trialis.be\/fr\/wp-json\/wp\/v2\/comments?post=1012"}],"version-history":[{"count":14,"href":"https:\/\/trialis.be\/fr\/wp-json\/wp\/v2\/pages\/1012\/revisions"}],"predecessor-version":[{"id":1279,"href":"https:\/\/trialis.be\/fr\/wp-json\/wp\/v2\/pages\/1012\/revisions\/1279"}],"wp:attachment":[{"href":"https:\/\/trialis.be\/fr\/wp-json\/wp\/v2\/media?parent=1012"}],"curies":[{"name":"wp","href":"https:\/\/api.w.org\/{rel}","templated":true}]}}